{"id":260,"date":"2017-06-01T09:33:41","date_gmt":"2017-06-01T09:33:41","guid":{"rendered":"http:\/\/blog.wuuff.dog\/kezdolap-3\/"},"modified":"2019-03-25T13:07:08","modified_gmt":"2019-03-25T13:07:08","slug":"kezdolap","status":"publish","type":"page","link":"https:\/\/blog.wuuff.dog\/ru\/","title":{"rendered":"Kezd\u0151lap"},"content":{"rendered":"<p>\u041c\u044b \u0441\u043e\u0437\u0434\u0430\u043b\u0438 Wuuff.dog \u0441 \u0446\u0435\u043b\u044c\u044e \u043d\u0430\u0439\u0442\u0438 \u043d\u0430\u0438\u0431\u043e\u043b\u0435\u0435 \u044d\u0444\u0444\u0435\u043a\u0442\u0438\u0432\u043d\u044b\u0439 \u0441\u043f\u043e\u0441\u043e\u0431 \u043e\u0431\u044a\u0435\u0434\u0438\u043d\u0438\u0442\u044c \u0437\u0430\u0432\u043e\u0434\u0447\u0438\u043a\u043e\u0432 \u0441 \u043f\u043e\u043a\u043b\u043e\u043d\u043d\u0438\u043a\u0430\u043c\u0438 \u043f\u043e\u0440\u043e\u0434\u044b, \u0447\u0442\u043e\u0431\u044b \u0441\u043e\u0437\u0434\u0430\u0432\u0430\u0442\u044c \u043d\u043e\u0432\u044b\u0435 \u0441\u0435\u043c\u044c\u0438 \u0447\u0438\u0441\u0442\u043e\u043a\u0440\u043e\u0432\u043d\u044b\u0445 \u0449\u0435\u043d\u043a\u043e\u0432.\u041c\u044b \u043f\u0440\u0435\u0434\u043e\u0441\u0442\u0430\u0432\u043b\u044f\u0435\u043c \u0437\u0430\u0432\u043e\u0434\u0447\u0438\u043a\u0430\u043c \u0438\u0434\u0435\u0430\u043b\u044c\u043d\u0443\u044e \u043f\u043b\u043e\u0449\u0430\u0434\u043a\u0443 \u0434\u043b\u044f \u0434\u0435\u043c\u043e\u043d\u0441\u0442\u0440\u0430\u0446\u0438\u0438 \u0441\u0432\u043e\u0438\u0445 \u043f\u0438\u0442\u043e\u043c\u043d\u0438\u043a\u043e\u0432, \u043f\u043b\u0435\u043c\u0435\u043d\u043d\u044b\u0445 \u0441\u043e\u0431\u0430\u043a \u0438 \u043f\u043e\u043c\u0451\u0442\u043e\u0432, \u0430 \u0442\u0430\u043a\u0436\u0435 \u0432\u043e\u0437\u043c\u043e\u0436\u043d\u043e\u0441\u0442\u044c \u043e\u0431\u0449\u0430\u0442\u044c\u0441\u044f \u043d\u0430\u043f\u0440\u044f\u043c\u0443\u044e \u0441 \u0431\u0443\u0434\u0443\u0449\u0438\u043c\u0438 \u0440\u043e\u0434\u0438\u0442\u0435\u043b\u044f\u043c\u0438 \u0441\u0432\u043e\u0438\u0445 \u0449\u0435\u043d\u043a\u043e\u0432. \u0412 \u0442\u043e \u0436\u0435 \u0432\u0440\u0435\u043c\u044f \u043c\u044b \u043f\u043e\u043c\u043e\u0433\u0430\u0435\u043c \u0441\u0434\u0435\u043b\u0430\u0442\u044c \u043f\u0440\u0430\u0432\u0438\u043b\u044c\u043d\u044b\u0439 \u0432\u044b\u0431\u043e\u0440 \u0442\u0435\u043c, \u043a\u0442\u043e \u0438\u0449\u0435\u0442 \u0447\u0438\u0441\u0442\u043e\u043f\u043e\u0440\u043e\u0434\u043d\u044b\u0445 \u0441\u043e\u0431\u0430\u043a, \u0432\u043e\u0437\u043c\u043e\u0436\u043d\u043e\u0441\u0442\u044c \u043f\u043e\u043b\u0443\u0447\u0438\u0442\u044c \u0438\u043d\u0442\u0435\u0440\u0435\u0441\u0443\u044e\u0449\u0443\u044e \u0438\u043d\u0444\u043e\u0440\u043c\u0430\u0446\u0438\u044e, \u0430 \u0442\u0430\u043a\u0436\u0435 \u043e\u0431\u0435\u0441\u043f\u0435\u0447\u0438\u0432\u0430\u0435\u043c \u0438\u043c \u043f\u043e\u0434\u0434\u0435\u0440\u0436\u043a\u0443 \u043d\u0430 \u043f\u0440\u043e\u0442\u044f\u0436\u0435\u043d\u0438\u0438 \u0432\u0441\u0435\u0439 \u0441\u0434\u0435\u043b\u043a\u0438.<\/p>\n","protected":false},"excerpt":{"rendered":"<p>\u041c\u044b \u0441\u043e\u0437\u0434\u0430\u043b\u0438 Wuuff.dog \u0441 \u0446\u0435\u043b\u044c\u044e \u043d\u0430\u0439\u0442\u0438 \u043d\u0430\u0438\u0431\u043e\u043b\u0435\u0435 \u044d\u0444\u0444\u0435\u043a\u0442\u0438\u0432\u043d\u044b\u0439 \u0441\u043f\u043e\u0441\u043e\u0431 \u043e\u0431\u044a\u0435\u0434\u0438\u043d\u0438\u0442\u044c \u0437\u0430\u0432\u043e\u0434\u0447\u0438\u043a\u043e\u0432 \u0441 \u043f\u043e\u043a\u043b\u043e\u043d\u043d\u0438\u043a\u0430\u043c\u0438 \u043f\u043e\u0440\u043e\u0434\u044b, \u0447\u0442\u043e\u0431\u044b \u0441\u043e\u0437\u0434\u0430\u0432\u0430\u0442\u044c \u043d\u043e\u0432\u044b\u0435 \u0441\u0435\u043c\u044c\u0438 \u0447\u0438\u0441\u0442\u043e\u043a\u0440\u043e\u0432\u043d\u044b\u0445 \u0449\u0435\u043d\u043a\u043e\u0432.\u041c\u044b \u043f\u0440\u0435\u0434\u043e\u0441\u0442\u0430\u0432\u043b\u044f\u0435\u043c \u0437\u0430\u0432\u043e\u0434\u0447\u0438\u043a\u0430\u043c \u0438\u0434\u0435\u0430\u043b\u044c\u043d\u0443\u044e \u043f\u043b\u043e\u0449\u0430\u0434\u043a\u0443 \u0434\u043b\u044f \u0434\u0435\u043c\u043e\u043d\u0441\u0442\u0440\u0430\u0446\u0438\u0438 \u0441\u0432\u043e\u0438\u0445 \u043f\u0438\u0442\u043e\u043c\u043d\u0438\u043a\u043e\u0432, \u043f\u043b\u0435\u043c\u0435\u043d\u043d\u044b\u0445 \u0441\u043e\u0431\u0430\u043a \u0438 \u043f\u043e\u043c\u0451\u0442\u043e\u0432, \u0430 \u0442\u0430\u043a\u0436\u0435 \u0432\u043e\u0437\u043c\u043e\u0436\u043d\u043e\u0441\u0442\u044c \u043e\u0431\u0449\u0430\u0442\u044c\u0441\u044f \u043d\u0430\u043f\u0440\u044f\u043c\u0443\u044e \u0441 \u0431\u0443\u0434\u0443\u0449\u0438\u043c\u0438 \u0440\u043e\u0434\u0438\u0442\u0435\u043b\u044f\u043c\u0438 \u0441\u0432\u043e\u0438\u0445 \u0449\u0435\u043d\u043a\u043e\u0432. \u0412 \u0442\u043e \u0436\u0435 \u0432\u0440\u0435\u043c\u044f \u043c\u044b \u043f\u043e\u043c\u043e\u0433\u0430\u0435\u043c \u0441\u0434\u0435\u043b\u0430\u0442\u044c \u043f\u0440\u0430\u0432\u0438\u043b\u044c\u043d\u044b\u0439 \u0432\u044b\u0431\u043e\u0440 \u0442\u0435\u043c, \u043a\u0442\u043e \u0438\u0449\u0435\u0442 \u0447\u0438\u0441\u0442\u043e\u043f\u043e\u0440\u043e\u0434\u043d\u044b\u0445 [&hellip;]<\/p>\n","protected":false},"author":1,"featured_media":415,"parent":0,"menu_order":5,"comment_status":"closed","ping_status":"open","template":"template-modules.php","meta":{"footnotes":""},"class_list":["post-260","page","type-page","status-publish","has-post-thumbnail","hentry"],"yoast_head":"<!-- This site is optimized with the Yoast SEO plugin v27.4 - https:\/\/yoast.com\/product\/yoast-seo-wordpress\/ -->\n<title>wuuff.dog | \u043e\u0444\u0438\u0446\u0438\u0430\u043b\u044c\u043d\u044b\u0439 \u0431\u043b\u043e\u0433<\/title>\n<meta name=\"description\" content=\"\u041d\u0430\u0439\u0434\u0438\u0442\u0435 \u0441\u0432\u043e\u0435\u0433\u043e \u0441\u043b\u0435\u0434\u0443\u044e\u0449\u0435\u0433\u043e \u0449\u0435\u043d\u043a\u0430 \u043d\u0430 \u043f\u043e\u0440\u0442\u0430\u043b\u0435 wuuff.dog. \u0412\u0441\u044f \u0438\u043d\u0444\u043e\u0440\u043c\u0430\u0446\u0438\u044f, \u043d\u0435\u043e\u0431\u0445\u043e\u0434\u0438\u043c\u0430\u044f \u0434\u043b\u044f \u043f\u0440\u0438\u043d\u044f\u0442\u0438\u044f \u043e\u0442\u0432\u0435\u0442\u0441\u0442\u0432\u0435\u043d\u043d\u043e\u0433\u043e \u0440\u0435\u0448\u0435\u043d\u0438\u044f, \u0441\u043e\u0431\u0440\u0430\u043d\u0430 \u0432 \u043e\u0434\u043d\u043e\u043c \u043c\u0435\u0441\u0442\u0435...\" \/>\n<meta name=\"robots\" content=\"index, follow, max-snippet:-1, max-image-preview:large, max-video-preview:-1\" \/>\n<link rel=\"canonical\" href=\"https:\/\/blog.wuuff.dog\/ru\/\" \/>\n<meta property=\"og:locale\" content=\"ru_RU\" \/>\n<meta property=\"og:type\" content=\"article\" \/>\n<meta property=\"og:title\" content=\"wuuff.dog | \u043e\u0444\u0438\u0446\u0438\u0430\u043b\u044c\u043d\u044b\u0439 \u0431\u043b\u043e\u0433\" \/>\n<meta property=\"og:description\" content=\"\u041d\u0430\u0439\u0434\u0438\u0442\u0435 \u0441\u0432\u043e\u0435\u0433\u043e \u0441\u043b\u0435\u0434\u0443\u044e\u0449\u0435\u0433\u043e \u0449\u0435\u043d\u043a\u0430 \u043d\u0430 \u043f\u043e\u0440\u0442\u0430\u043b\u0435 wuuff.dog. \u0412\u0441\u044f \u0438\u043d\u0444\u043e\u0440\u043c\u0430\u0446\u0438\u044f, \u043d\u0435\u043e\u0431\u0445\u043e\u0434\u0438\u043c\u0430\u044f \u0434\u043b\u044f \u043f\u0440\u0438\u043d\u044f\u0442\u0438\u044f \u043e\u0442\u0432\u0435\u0442\u0441\u0442\u0432\u0435\u043d\u043d\u043e\u0433\u043e \u0440\u0435\u0448\u0435\u043d\u0438\u044f, \u0441\u043e\u0431\u0440\u0430\u043d\u0430 \u0432 \u043e\u0434\u043d\u043e\u043c \u043c\u0435\u0441\u0442\u0435...\" \/>\n<meta property=\"og:url\" content=\"https:\/\/blog.wuuff.dog\/ru\/\" \/>\n<meta property=\"og:site_name\" content=\"Wuuff Blog\" \/>\n<meta property=\"article:publisher\" content=\"https:\/\/www.facebook.com\/wuuff.dog\/\" \/>\n<meta property=\"article:modified_time\" content=\"2019-03-25T13:07:08+00:00\" \/>\n<meta property=\"og:image\" content=\"https:\/\/blog.wuuff.dog\/wp-content\/uploads\/2017\/06\/Screen-Shot-2017-10-12-at-20.21.03.png\" \/>\n\t<meta property=\"og:image:width\" content=\"770\" \/>\n\t<meta property=\"og:image:height\" content=\"214\" \/>\n\t<meta property=\"og:image:type\" content=\"image\/png\" \/>\n<meta name=\"twitter:card\" content=\"summary_large_image\" \/>\n<meta name=\"twitter:site\" content=\"@wuuffdog\" \/>\n<script type=\"application\/ld+json\" class=\"yoast-schema-graph\">{\"@context\":\"https:\\\/\\\/schema.org\",\"@graph\":[{\"@type\":\"WebPage\",\"@id\":\"https:\\\/\\\/blog.wuuff.dog\\\/ru\\\/\",\"url\":\"https:\\\/\\\/blog.wuuff.dog\\\/ru\\\/\",\"name\":\"wuuff.dog | \u043e\u0444\u0438\u0446\u0438\u0430\u043b\u044c\u043d\u044b\u0439 \u0431\u043b\u043e\u0433\",\"isPartOf\":{\"@id\":\"https:\\\/\\\/blog.wuuff.dog\\\/#website\"},\"primaryImageOfPage\":{\"@id\":\"https:\\\/\\\/blog.wuuff.dog\\\/ru\\\/#primaryimage\"},\"image\":{\"@id\":\"https:\\\/\\\/blog.wuuff.dog\\\/ru\\\/#primaryimage\"},\"thumbnailUrl\":\"https:\\\/\\\/blog.wuuff.dog\\\/wp-content\\\/uploads\\\/2017\\\/06\\\/Screen-Shot-2017-10-12-at-20.21.03.png\",\"datePublished\":\"2017-06-01T09:33:41+00:00\",\"dateModified\":\"2019-03-25T13:07:08+00:00\",\"description\":\"\u041d\u0430\u0439\u0434\u0438\u0442\u0435 \u0441\u0432\u043e\u0435\u0433\u043e \u0441\u043b\u0435\u0434\u0443\u044e\u0449\u0435\u0433\u043e \u0449\u0435\u043d\u043a\u0430 \u043d\u0430 \u043f\u043e\u0440\u0442\u0430\u043b\u0435 wuuff.dog. \u0412\u0441\u044f \u0438\u043d\u0444\u043e\u0440\u043c\u0430\u0446\u0438\u044f, \u043d\u0435\u043e\u0431\u0445\u043e\u0434\u0438\u043c\u0430\u044f \u0434\u043b\u044f \u043f\u0440\u0438\u043d\u044f\u0442\u0438\u044f \u043e\u0442\u0432\u0435\u0442\u0441\u0442\u0432\u0435\u043d\u043d\u043e\u0433\u043e \u0440\u0435\u0448\u0435\u043d\u0438\u044f, \u0441\u043e\u0431\u0440\u0430\u043d\u0430 \u0432 \u043e\u0434\u043d\u043e\u043c \u043c\u0435\u0441\u0442\u0435...\",\"breadcrumb\":{\"@id\":\"https:\\\/\\\/blog.wuuff.dog\\\/ru\\\/#breadcrumb\"},\"inLanguage\":\"ru-RU\",\"potentialAction\":[{\"@type\":\"ReadAction\",\"target\":[\"https:\\\/\\\/blog.wuuff.dog\\\/ru\\\/\"]}]},{\"@type\":\"ImageObject\",\"inLanguage\":\"ru-RU\",\"@id\":\"https:\\\/\\\/blog.wuuff.dog\\\/ru\\\/#primaryimage\",\"url\":\"https:\\\/\\\/blog.wuuff.dog\\\/wp-content\\\/uploads\\\/2017\\\/06\\\/Screen-Shot-2017-10-12-at-20.21.03.png\",\"contentUrl\":\"https:\\\/\\\/blog.wuuff.dog\\\/wp-content\\\/uploads\\\/2017\\\/06\\\/Screen-Shot-2017-10-12-at-20.21.03.png\",\"width\":2880,\"height\":800},{\"@type\":\"BreadcrumbList\",\"@id\":\"https:\\\/\\\/blog.wuuff.dog\\\/ru\\\/#breadcrumb\",\"itemListElement\":[{\"@type\":\"ListItem\",\"position\":1,\"name\":\"Home\",\"item\":\"https:\\\/\\\/blog.wuuff.dog\\\/ru\\\/\"},{\"@type\":\"ListItem\",\"position\":2,\"name\":\"Kezd\u0151lap\"}]},{\"@type\":\"WebSite\",\"@id\":\"https:\\\/\\\/blog.wuuff.dog\\\/#website\",\"url\":\"https:\\\/\\\/blog.wuuff.dog\\\/\",\"name\":\"Wuuff Blog\",\"description\":\"Kuty\u00e1t j\u00f3 teny\u00e9szt\u0151t\u0151l j\u00f3 gazdihoz!\",\"publisher\":{\"@id\":\"https:\\\/\\\/blog.wuuff.dog\\\/#organization\"},\"potentialAction\":[{\"@type\":\"SearchAction\",\"target\":{\"@type\":\"EntryPoint\",\"urlTemplate\":\"https:\\\/\\\/blog.wuuff.dog\\\/?s={search_term_string}\"},\"query-input\":{\"@type\":\"PropertyValueSpecification\",\"valueRequired\":true,\"valueName\":\"search_term_string\"}}],\"inLanguage\":\"ru-RU\"},{\"@type\":\"Organization\",\"@id\":\"https:\\\/\\\/blog.wuuff.dog\\\/#organization\",\"name\":\"Wuuff LLC\",\"url\":\"https:\\\/\\\/blog.wuuff.dog\\\/\",\"logo\":{\"@type\":\"ImageObject\",\"inLanguage\":\"ru-RU\",\"@id\":\"https:\\\/\\\/blog.wuuff.dog\\\/#\\\/schema\\\/logo\\\/image\\\/\",\"url\":\"https:\\\/\\\/blog.wuuff.dog\\\/wp-content\\\/uploads\\\/2017\\\/07\\\/wuuff-favicon-1.png\",\"contentUrl\":\"https:\\\/\\\/blog.wuuff.dog\\\/wp-content\\\/uploads\\\/2017\\\/07\\\/wuuff-favicon-1.png\",\"width\":96,\"height\":96,\"caption\":\"Wuuff LLC\"},\"image\":{\"@id\":\"https:\\\/\\\/blog.wuuff.dog\\\/#\\\/schema\\\/logo\\\/image\\\/\"},\"sameAs\":[\"https:\\\/\\\/www.facebook.com\\\/wuuff.dog\\\/\",\"https:\\\/\\\/x.com\\\/wuuffdog\",\"https:\\\/\\\/www.instagram.com\\\/wuuff.dog\\\/\",\"https:\\\/\\\/www.linkedin.com\\\/company\\\/wuuff-llc\\\/about\\\/?viewAsMember=true\",\"https:\\\/\\\/hu.pinterest.com\\\/wuuff\\\/\",\"https:\\\/\\\/www.youtube.com\\\/channel\\\/UC5-xBqPvOo9Tyj3KuifxW_Q\"]}]}<\/script>\n<!-- \/ Yoast SEO plugin. -->","yoast_head_json":{"title":"wuuff.dog | \u043e\u0444\u0438\u0446\u0438\u0430\u043b\u044c\u043d\u044b\u0439 \u0431\u043b\u043e\u0433","description":"\u041d\u0430\u0439\u0434\u0438\u0442\u0435 \u0441\u0432\u043e\u0435\u0433\u043e \u0441\u043b\u0435\u0434\u0443\u044e\u0449\u0435\u0433\u043e \u0449\u0435\u043d\u043a\u0430 \u043d\u0430 \u043f\u043e\u0440\u0442\u0430\u043b\u0435 wuuff.dog. \u0412\u0441\u044f \u0438\u043d\u0444\u043e\u0440\u043c\u0430\u0446\u0438\u044f, \u043d\u0435\u043e\u0431\u0445\u043e\u0434\u0438\u043c\u0430\u044f \u0434\u043b\u044f \u043f\u0440\u0438\u043d\u044f\u0442\u0438\u044f \u043e\u0442\u0432\u0435\u0442\u0441\u0442\u0432\u0435\u043d\u043d\u043e\u0433\u043e \u0440\u0435\u0448\u0435\u043d\u0438\u044f, \u0441\u043e\u0431\u0440\u0430\u043d\u0430 \u0432 \u043e\u0434\u043d\u043e\u043c \u043c\u0435\u0441\u0442\u0435...","robots":{"index":"index","follow":"follow","max-snippet":"max-snippet:-1","max-image-preview":"max-image-preview:large","max-video-preview":"max-video-preview:-1"},"canonical":"https:\/\/blog.wuuff.dog\/ru\/","og_locale":"ru_RU","og_type":"article","og_title":"wuuff.dog | \u043e\u0444\u0438\u0446\u0438\u0430\u043b\u044c\u043d\u044b\u0439 \u0431\u043b\u043e\u0433","og_description":"\u041d\u0430\u0439\u0434\u0438\u0442\u0435 \u0441\u0432\u043e\u0435\u0433\u043e \u0441\u043b\u0435\u0434\u0443\u044e\u0449\u0435\u0433\u043e \u0449\u0435\u043d\u043a\u0430 \u043d\u0430 \u043f\u043e\u0440\u0442\u0430\u043b\u0435 wuuff.dog. \u0412\u0441\u044f \u0438\u043d\u0444\u043e\u0440\u043c\u0430\u0446\u0438\u044f, \u043d\u0435\u043e\u0431\u0445\u043e\u0434\u0438\u043c\u0430\u044f \u0434\u043b\u044f \u043f\u0440\u0438\u043d\u044f\u0442\u0438\u044f \u043e\u0442\u0432\u0435\u0442\u0441\u0442\u0432\u0435\u043d\u043d\u043e\u0433\u043e \u0440\u0435\u0448\u0435\u043d\u0438\u044f, \u0441\u043e\u0431\u0440\u0430\u043d\u0430 \u0432 \u043e\u0434\u043d\u043e\u043c \u043c\u0435\u0441\u0442\u0435...","og_url":"https:\/\/blog.wuuff.dog\/ru\/","og_site_name":"Wuuff Blog","article_publisher":"https:\/\/www.facebook.com\/wuuff.dog\/","article_modified_time":"2019-03-25T13:07:08+00:00","og_image":[{"url":"https:\/\/blog.wuuff.dog\/wp-content\/uploads\/2017\/06\/Screen-Shot-2017-10-12-at-20.21.03.png","width":770,"height":214,"type":"image\/png"}],"twitter_card":"summary_large_image","twitter_site":"@wuuffdog","schema":{"@context":"https:\/\/schema.org","@graph":[{"@type":"WebPage","@id":"https:\/\/blog.wuuff.dog\/ru\/","url":"https:\/\/blog.wuuff.dog\/ru\/","name":"wuuff.dog | \u043e\u0444\u0438\u0446\u0438\u0430\u043b\u044c\u043d\u044b\u0439 \u0431\u043b\u043e\u0433","isPartOf":{"@id":"https:\/\/blog.wuuff.dog\/#website"},"primaryImageOfPage":{"@id":"https:\/\/blog.wuuff.dog\/ru\/#primaryimage"},"image":{"@id":"https:\/\/blog.wuuff.dog\/ru\/#primaryimage"},"thumbnailUrl":"https:\/\/blog.wuuff.dog\/wp-content\/uploads\/2017\/06\/Screen-Shot-2017-10-12-at-20.21.03.png","datePublished":"2017-06-01T09:33:41+00:00","dateModified":"2019-03-25T13:07:08+00:00","description":"\u041d\u0430\u0439\u0434\u0438\u0442\u0435 \u0441\u0432\u043e\u0435\u0433\u043e \u0441\u043b\u0435\u0434\u0443\u044e\u0449\u0435\u0433\u043e \u0449\u0435\u043d\u043a\u0430 \u043d\u0430 \u043f\u043e\u0440\u0442\u0430\u043b\u0435 wuuff.dog. \u0412\u0441\u044f \u0438\u043d\u0444\u043e\u0440\u043c\u0430\u0446\u0438\u044f, \u043d\u0435\u043e\u0431\u0445\u043e\u0434\u0438\u043c\u0430\u044f \u0434\u043b\u044f \u043f\u0440\u0438\u043d\u044f\u0442\u0438\u044f \u043e\u0442\u0432\u0435\u0442\u0441\u0442\u0432\u0435\u043d\u043d\u043e\u0433\u043e \u0440\u0435\u0448\u0435\u043d\u0438\u044f, \u0441\u043e\u0431\u0440\u0430\u043d\u0430 \u0432 \u043e\u0434\u043d\u043e\u043c \u043c\u0435\u0441\u0442\u0435...","breadcrumb":{"@id":"https:\/\/blog.wuuff.dog\/ru\/#breadcrumb"},"inLanguage":"ru-RU","potentialAction":[{"@type":"ReadAction","target":["https:\/\/blog.wuuff.dog\/ru\/"]}]},{"@type":"ImageObject","inLanguage":"ru-RU","@id":"https:\/\/blog.wuuff.dog\/ru\/#primaryimage","url":"https:\/\/blog.wuuff.dog\/wp-content\/uploads\/2017\/06\/Screen-Shot-2017-10-12-at-20.21.03.png","contentUrl":"https:\/\/blog.wuuff.dog\/wp-content\/uploads\/2017\/06\/Screen-Shot-2017-10-12-at-20.21.03.png","width":2880,"height":800},{"@type":"BreadcrumbList","@id":"https:\/\/blog.wuuff.dog\/ru\/#breadcrumb","itemListElement":[{"@type":"ListItem","position":1,"name":"Home","item":"https:\/\/blog.wuuff.dog\/ru\/"},{"@type":"ListItem","position":2,"name":"Kezd\u0151lap"}]},{"@type":"WebSite","@id":"https:\/\/blog.wuuff.dog\/#website","url":"https:\/\/blog.wuuff.dog\/","name":"Wuuff Blog","description":"Kuty\u00e1t j\u00f3 teny\u00e9szt\u0151t\u0151l j\u00f3 gazdihoz!","publisher":{"@id":"https:\/\/blog.wuuff.dog\/#organization"},"potentialAction":[{"@type":"SearchAction","target":{"@type":"EntryPoint","urlTemplate":"https:\/\/blog.wuuff.dog\/?s={search_term_string}"},"query-input":{"@type":"PropertyValueSpecification","valueRequired":true,"valueName":"search_term_string"}}],"inLanguage":"ru-RU"},{"@type":"Organization","@id":"https:\/\/blog.wuuff.dog\/#organization","name":"Wuuff LLC","url":"https:\/\/blog.wuuff.dog\/","logo":{"@type":"ImageObject","inLanguage":"ru-RU","@id":"https:\/\/blog.wuuff.dog\/#\/schema\/logo\/image\/","url":"https:\/\/blog.wuuff.dog\/wp-content\/uploads\/2017\/07\/wuuff-favicon-1.png","contentUrl":"https:\/\/blog.wuuff.dog\/wp-content\/uploads\/2017\/07\/wuuff-favicon-1.png","width":96,"height":96,"caption":"Wuuff LLC"},"image":{"@id":"https:\/\/blog.wuuff.dog\/#\/schema\/logo\/image\/"},"sameAs":["https:\/\/www.facebook.com\/wuuff.dog\/","https:\/\/x.com\/wuuffdog","https:\/\/www.instagram.com\/wuuff.dog\/","https:\/\/www.linkedin.com\/company\/wuuff-llc\/about\/?viewAsMember=true","https:\/\/hu.pinterest.com\/wuuff\/","https:\/\/www.youtube.com\/channel\/UC5-xBqPvOo9Tyj3KuifxW_Q"]}]}},"_links":{"self":[{"href":"https:\/\/blog.wuuff.dog\/ru\/wp-json\/wp\/v2\/pages\/260","targetHints":{"allow":["GET"]}}],"collection":[{"href":"https:\/\/blog.wuuff.dog\/ru\/wp-json\/wp\/v2\/pages"}],"about":[{"href":"https:\/\/blog.wuuff.dog\/ru\/wp-json\/wp\/v2\/types\/page"}],"author":[{"embeddable":true,"href":"https:\/\/blog.wuuff.dog\/ru\/wp-json\/wp\/v2\/users\/1"}],"replies":[{"embeddable":true,"href":"https:\/\/blog.wuuff.dog\/ru\/wp-json\/wp\/v2\/comments?post=260"}],"version-history":[{"count":4,"href":"https:\/\/blog.wuuff.dog\/ru\/wp-json\/wp\/v2\/pages\/260\/revisions"}],"predecessor-version":[{"id":3314,"href":"https:\/\/blog.wuuff.dog\/ru\/wp-json\/wp\/v2\/pages\/260\/revisions\/3314"}],"wp:featuredmedia":[{"embeddable":true,"href":"https:\/\/blog.wuuff.dog\/ru\/wp-json\/wp\/v2\/media\/415"}],"wp:attachment":[{"href":"https:\/\/blog.wuuff.dog\/ru\/wp-json\/wp\/v2\/media?parent=260"}],"curies":[{"name":"wp","href":"https:\/\/api.w.org\/{rel}","templated":true}]}}