{"id":259,"date":"2017-06-01T09:33:41","date_gmt":"2017-06-01T09:33:41","guid":{"rendered":"http:\/\/blog.wuuff.dog\/kezdolap-3\/"},"modified":"2019-03-29T13:54:20","modified_gmt":"2019-03-29T13:54:20","slug":"kezdolap","status":"publish","type":"page","link":"https:\/\/blog.wuuff.dog\/pl\/","title":{"rendered":"Kezd\u0151lap"},"content":{"rendered":"<p>Projektuj\u0105c nasz\u0105 stron\u0119 internetow\u0105 Wuuff.dog mieli\u015bmy na celu zaoferowanie lepszej i skuteczniejszej ni\u017c dotychczas p\u0142aszczyzny, na kt\u00f3rej hodowcy i entuzja\u015bci ps\u00f3w b\u0119d\u0105 mogli si\u0119 spotka\u0107, aby zapewni\u0107 rasowym szczeniakom nowe domy. Zapewniamy hodowcom idealne miejsce do zaprezentowania swojej hodowli, swoich ps\u00f3w, a tak\u017ce<strong>\u00a0<\/strong>aktualnych i przysz\u0142ych miot\u00f3w. Dostarczamy p\u0142aszczyzn\u0119 komunikowania si\u0119,<strong>\u00a0<\/strong>umo\u017cliwiaj\u0105c hodowcom wyb\u00f3r przysz\u0142ych rodzic\u00f3w dla swoich szczeniak\u00f3w. Jednocze\u015bnie, przekazuj\u0105c na bie\u017c\u0105co aktualizowane informacje, wspieramy osoby szukaj\u0105ce ps\u00f3w rasowych w podejmowaniu dobrych decyzji. Mog\u0105 one liczy\u0107 na nasz\u0105 pomoc podczas ca\u0142ego procesu dokonywania zakupu.<\/p>\n","protected":false},"excerpt":{"rendered":"<p>Projektuj\u0105c nasz\u0105 stron\u0119 internetow\u0105 Wuuff.dog mieli\u015bmy na celu zaoferowanie lepszej i skuteczniejszej ni\u017c dotychczas p\u0142aszczyzny, na kt\u00f3rej hodowcy i entuzja\u015bci ps\u00f3w b\u0119d\u0105 mogli si\u0119 spotka\u0107, aby zapewni\u0107 rasowym szczeniakom nowe domy. Zapewniamy hodowcom idealne miejsce do zaprezentowania swojej hodowli, swoich ps\u00f3w, a tak\u017ce\u00a0aktualnych i przysz\u0142ych miot\u00f3w. Dostarczamy p\u0142aszczyzn\u0119 komunikowania si\u0119,\u00a0umo\u017cliwiaj\u0105c hodowcom wyb\u00f3r przysz\u0142ych rodzic\u00f3w dla [&hellip;]<\/p>\n","protected":false},"author":1,"featured_media":414,"parent":0,"menu_order":5,"comment_status":"closed","ping_status":"open","template":"template-modules.php","meta":{"footnotes":""},"class_list":["post-259","page","type-page","status-publish","has-post-thumbnail","hentry"],"yoast_head":"<!-- This site is optimized with the Yoast SEO plugin v27.4 - https:\/\/yoast.com\/product\/yoast-seo-wordpress\/ -->\n<title>wuuff.dog | Our Official Blog<\/title>\n<meta name=\"description\" content=\"Find your next puppy on wuuff.dog. All the information you need in one place to make a responsible decision. Real breeders, great puppies...\" \/>\n<meta name=\"robots\" content=\"index, follow, max-snippet:-1, max-image-preview:large, max-video-preview:-1\" \/>\n<link rel=\"canonical\" href=\"https:\/\/blog.wuuff.dog\/pl\/\" \/>\n<meta property=\"og:locale\" content=\"pl_PL\" \/>\n<meta property=\"og:type\" content=\"article\" \/>\n<meta property=\"og:title\" content=\"wuuff.dog | Our Official Blog\" \/>\n<meta property=\"og:description\" content=\"Find your next puppy on wuuff.dog. All the information you need in one place to make a responsible decision. Real breeders, great puppies...\" \/>\n<meta property=\"og:url\" content=\"https:\/\/blog.wuuff.dog\/pl\/\" \/>\n<meta property=\"og:site_name\" content=\"Wuuff Blog\" \/>\n<meta property=\"article:publisher\" content=\"https:\/\/www.facebook.com\/wuuff.dog\/\" \/>\n<meta property=\"article:modified_time\" content=\"2019-03-29T13:54:20+00:00\" \/>\n<meta property=\"og:image\" content=\"https:\/\/blog.wuuff.dog\/wp-content\/uploads\/2017\/06\/Screen-Shot-2017-10-12-at-20.21.03.png\" \/>\n\t<meta property=\"og:image:width\" content=\"770\" \/>\n\t<meta property=\"og:image:height\" content=\"214\" \/>\n\t<meta property=\"og:image:type\" content=\"image\/png\" \/>\n<meta name=\"twitter:card\" content=\"summary_large_image\" \/>\n<meta name=\"twitter:site\" content=\"@wuuffdog\" \/>\n<meta name=\"twitter:label1\" content=\"Szacowany czas czytania\" \/>\n\t<meta name=\"twitter:data1\" content=\"1 minuta\" \/>\n<script type=\"application\/ld+json\" class=\"yoast-schema-graph\">{\"@context\":\"https:\\\/\\\/schema.org\",\"@graph\":[{\"@type\":\"WebPage\",\"@id\":\"https:\\\/\\\/blog.wuuff.dog\\\/pl\\\/\",\"url\":\"https:\\\/\\\/blog.wuuff.dog\\\/pl\\\/\",\"name\":\"wuuff.dog | Our Official Blog\",\"isPartOf\":{\"@id\":\"https:\\\/\\\/blog.wuuff.dog\\\/#website\"},\"primaryImageOfPage\":{\"@id\":\"https:\\\/\\\/blog.wuuff.dog\\\/pl\\\/#primaryimage\"},\"image\":{\"@id\":\"https:\\\/\\\/blog.wuuff.dog\\\/pl\\\/#primaryimage\"},\"thumbnailUrl\":\"https:\\\/\\\/blog.wuuff.dog\\\/wp-content\\\/uploads\\\/2017\\\/06\\\/Screen-Shot-2017-10-12-at-20.21.03.png\",\"datePublished\":\"2017-06-01T09:33:41+00:00\",\"dateModified\":\"2019-03-29T13:54:20+00:00\",\"description\":\"Find your next puppy on wuuff.dog. All the information you need in one place to make a responsible decision. Real breeders, great puppies...\",\"breadcrumb\":{\"@id\":\"https:\\\/\\\/blog.wuuff.dog\\\/pl\\\/#breadcrumb\"},\"inLanguage\":\"pl-PL\",\"potentialAction\":[{\"@type\":\"ReadAction\",\"target\":[\"https:\\\/\\\/blog.wuuff.dog\\\/pl\\\/\"]}]},{\"@type\":\"ImageObject\",\"inLanguage\":\"pl-PL\",\"@id\":\"https:\\\/\\\/blog.wuuff.dog\\\/pl\\\/#primaryimage\",\"url\":\"https:\\\/\\\/blog.wuuff.dog\\\/wp-content\\\/uploads\\\/2017\\\/06\\\/Screen-Shot-2017-10-12-at-20.21.03.png\",\"contentUrl\":\"https:\\\/\\\/blog.wuuff.dog\\\/wp-content\\\/uploads\\\/2017\\\/06\\\/Screen-Shot-2017-10-12-at-20.21.03.png\",\"width\":2880,\"height\":800},{\"@type\":\"BreadcrumbList\",\"@id\":\"https:\\\/\\\/blog.wuuff.dog\\\/pl\\\/#breadcrumb\",\"itemListElement\":[{\"@type\":\"ListItem\",\"position\":1,\"name\":\"Home\",\"item\":\"https:\\\/\\\/blog.wuuff.dog\\\/pl\\\/\"},{\"@type\":\"ListItem\",\"position\":2,\"name\":\"Kezd\u0151lap\"}]},{\"@type\":\"WebSite\",\"@id\":\"https:\\\/\\\/blog.wuuff.dog\\\/#website\",\"url\":\"https:\\\/\\\/blog.wuuff.dog\\\/\",\"name\":\"Wuuff Blog\",\"description\":\"Kuty\u00e1t j\u00f3 teny\u00e9szt\u0151t\u0151l j\u00f3 gazdihoz!\",\"publisher\":{\"@id\":\"https:\\\/\\\/blog.wuuff.dog\\\/#organization\"},\"potentialAction\":[{\"@type\":\"SearchAction\",\"target\":{\"@type\":\"EntryPoint\",\"urlTemplate\":\"https:\\\/\\\/blog.wuuff.dog\\\/?s={search_term_string}\"},\"query-input\":{\"@type\":\"PropertyValueSpecification\",\"valueRequired\":true,\"valueName\":\"search_term_string\"}}],\"inLanguage\":\"pl-PL\"},{\"@type\":\"Organization\",\"@id\":\"https:\\\/\\\/blog.wuuff.dog\\\/#organization\",\"name\":\"Wuuff LLC\",\"url\":\"https:\\\/\\\/blog.wuuff.dog\\\/\",\"logo\":{\"@type\":\"ImageObject\",\"inLanguage\":\"pl-PL\",\"@id\":\"https:\\\/\\\/blog.wuuff.dog\\\/#\\\/schema\\\/logo\\\/image\\\/\",\"url\":\"https:\\\/\\\/blog.wuuff.dog\\\/wp-content\\\/uploads\\\/2017\\\/07\\\/wuuff-favicon-1.png\",\"contentUrl\":\"https:\\\/\\\/blog.wuuff.dog\\\/wp-content\\\/uploads\\\/2017\\\/07\\\/wuuff-favicon-1.png\",\"width\":96,\"height\":96,\"caption\":\"Wuuff LLC\"},\"image\":{\"@id\":\"https:\\\/\\\/blog.wuuff.dog\\\/#\\\/schema\\\/logo\\\/image\\\/\"},\"sameAs\":[\"https:\\\/\\\/www.facebook.com\\\/wuuff.dog\\\/\",\"https:\\\/\\\/x.com\\\/wuuffdog\",\"https:\\\/\\\/www.instagram.com\\\/wuuff.dog\\\/\",\"https:\\\/\\\/www.linkedin.com\\\/company\\\/wuuff-llc\\\/about\\\/?viewAsMember=true\",\"https:\\\/\\\/hu.pinterest.com\\\/wuuff\\\/\",\"https:\\\/\\\/www.youtube.com\\\/channel\\\/UC5-xBqPvOo9Tyj3KuifxW_Q\"]}]}<\/script>\n<!-- \/ Yoast SEO plugin. -->","yoast_head_json":{"title":"wuuff.dog | Our Official Blog","description":"Find your next puppy on wuuff.dog. All the information you need in one place to make a responsible decision. Real breeders, great puppies...","robots":{"index":"index","follow":"follow","max-snippet":"max-snippet:-1","max-image-preview":"max-image-preview:large","max-video-preview":"max-video-preview:-1"},"canonical":"https:\/\/blog.wuuff.dog\/pl\/","og_locale":"pl_PL","og_type":"article","og_title":"wuuff.dog | Our Official Blog","og_description":"Find your next puppy on wuuff.dog. All the information you need in one place to make a responsible decision. Real breeders, great puppies...","og_url":"https:\/\/blog.wuuff.dog\/pl\/","og_site_name":"Wuuff Blog","article_publisher":"https:\/\/www.facebook.com\/wuuff.dog\/","article_modified_time":"2019-03-29T13:54:20+00:00","og_image":[{"url":"https:\/\/blog.wuuff.dog\/wp-content\/uploads\/2017\/06\/Screen-Shot-2017-10-12-at-20.21.03.png","width":770,"height":214,"type":"image\/png"}],"twitter_card":"summary_large_image","twitter_site":"@wuuffdog","twitter_misc":{"Szacowany czas czytania":"1 minuta"},"schema":{"@context":"https:\/\/schema.org","@graph":[{"@type":"WebPage","@id":"https:\/\/blog.wuuff.dog\/pl\/","url":"https:\/\/blog.wuuff.dog\/pl\/","name":"wuuff.dog | Our Official Blog","isPartOf":{"@id":"https:\/\/blog.wuuff.dog\/#website"},"primaryImageOfPage":{"@id":"https:\/\/blog.wuuff.dog\/pl\/#primaryimage"},"image":{"@id":"https:\/\/blog.wuuff.dog\/pl\/#primaryimage"},"thumbnailUrl":"https:\/\/blog.wuuff.dog\/wp-content\/uploads\/2017\/06\/Screen-Shot-2017-10-12-at-20.21.03.png","datePublished":"2017-06-01T09:33:41+00:00","dateModified":"2019-03-29T13:54:20+00:00","description":"Find your next puppy on wuuff.dog. All the information you need in one place to make a responsible decision. Real breeders, great puppies...","breadcrumb":{"@id":"https:\/\/blog.wuuff.dog\/pl\/#breadcrumb"},"inLanguage":"pl-PL","potentialAction":[{"@type":"ReadAction","target":["https:\/\/blog.wuuff.dog\/pl\/"]}]},{"@type":"ImageObject","inLanguage":"pl-PL","@id":"https:\/\/blog.wuuff.dog\/pl\/#primaryimage","url":"https:\/\/blog.wuuff.dog\/wp-content\/uploads\/2017\/06\/Screen-Shot-2017-10-12-at-20.21.03.png","contentUrl":"https:\/\/blog.wuuff.dog\/wp-content\/uploads\/2017\/06\/Screen-Shot-2017-10-12-at-20.21.03.png","width":2880,"height":800},{"@type":"BreadcrumbList","@id":"https:\/\/blog.wuuff.dog\/pl\/#breadcrumb","itemListElement":[{"@type":"ListItem","position":1,"name":"Home","item":"https:\/\/blog.wuuff.dog\/pl\/"},{"@type":"ListItem","position":2,"name":"Kezd\u0151lap"}]},{"@type":"WebSite","@id":"https:\/\/blog.wuuff.dog\/#website","url":"https:\/\/blog.wuuff.dog\/","name":"Wuuff Blog","description":"Kuty\u00e1t j\u00f3 teny\u00e9szt\u0151t\u0151l j\u00f3 gazdihoz!","publisher":{"@id":"https:\/\/blog.wuuff.dog\/#organization"},"potentialAction":[{"@type":"SearchAction","target":{"@type":"EntryPoint","urlTemplate":"https:\/\/blog.wuuff.dog\/?s={search_term_string}"},"query-input":{"@type":"PropertyValueSpecification","valueRequired":true,"valueName":"search_term_string"}}],"inLanguage":"pl-PL"},{"@type":"Organization","@id":"https:\/\/blog.wuuff.dog\/#organization","name":"Wuuff LLC","url":"https:\/\/blog.wuuff.dog\/","logo":{"@type":"ImageObject","inLanguage":"pl-PL","@id":"https:\/\/blog.wuuff.dog\/#\/schema\/logo\/image\/","url":"https:\/\/blog.wuuff.dog\/wp-content\/uploads\/2017\/07\/wuuff-favicon-1.png","contentUrl":"https:\/\/blog.wuuff.dog\/wp-content\/uploads\/2017\/07\/wuuff-favicon-1.png","width":96,"height":96,"caption":"Wuuff LLC"},"image":{"@id":"https:\/\/blog.wuuff.dog\/#\/schema\/logo\/image\/"},"sameAs":["https:\/\/www.facebook.com\/wuuff.dog\/","https:\/\/x.com\/wuuffdog","https:\/\/www.instagram.com\/wuuff.dog\/","https:\/\/www.linkedin.com\/company\/wuuff-llc\/about\/?viewAsMember=true","https:\/\/hu.pinterest.com\/wuuff\/","https:\/\/www.youtube.com\/channel\/UC5-xBqPvOo9Tyj3KuifxW_Q"]}]}},"_links":{"self":[{"href":"https:\/\/blog.wuuff.dog\/pl\/wp-json\/wp\/v2\/pages\/259","targetHints":{"allow":["GET"]}}],"collection":[{"href":"https:\/\/blog.wuuff.dog\/pl\/wp-json\/wp\/v2\/pages"}],"about":[{"href":"https:\/\/blog.wuuff.dog\/pl\/wp-json\/wp\/v2\/types\/page"}],"author":[{"embeddable":true,"href":"https:\/\/blog.wuuff.dog\/pl\/wp-json\/wp\/v2\/users\/1"}],"replies":[{"embeddable":true,"href":"https:\/\/blog.wuuff.dog\/pl\/wp-json\/wp\/v2\/comments?post=259"}],"version-history":[{"count":3,"href":"https:\/\/blog.wuuff.dog\/pl\/wp-json\/wp\/v2\/pages\/259\/revisions"}],"predecessor-version":[{"id":418,"href":"https:\/\/blog.wuuff.dog\/pl\/wp-json\/wp\/v2\/pages\/259\/revisions\/418"}],"wp:featuredmedia":[{"embeddable":true,"href":"https:\/\/blog.wuuff.dog\/pl\/wp-json\/wp\/v2\/media\/414"}],"wp:attachment":[{"href":"https:\/\/blog.wuuff.dog\/pl\/wp-json\/wp\/v2\/media?parent=259"}],"curies":[{"name":"wp","href":"https:\/\/api.w.org\/{rel}","templated":true}]}}