{"id":2945,"date":"2018-10-08T12:55:42","date_gmt":"2018-10-08T12:55:42","guid":{"rendered":"https:\/\/blog.wuuff.dog\/?page_id=2945"},"modified":"2018-10-08T12:55:42","modified_gmt":"2018-10-08T12:55:42","slug":"tenyesztoi-kapcsolattarto-allashirdetes","status":"publish","type":"page","link":"https:\/\/blog.wuuff.dog\/hu\/tenyesztoi-kapcsolattarto-allashirdetes\/","title":{"rendered":"Teny\u00e9szt\u0151i kapcsolattart\u00f3 \u00e1ll\u00e1sh\u00edrdet\u00e9s"},"content":{"rendered":"<h2>Jelentkezz m\u00e9g MA erre az egyedi lehet\u0151s\u00e9gre. \u00c9lj meg a hobbidb\u00f3l!<\/h2>\n<p>&nbsp;<\/p>\n<p>A <b>Teny\u00e9szt\u0151i kapcsolattart\u00f3 <\/b>feladata a Wuuff n\u00e9pszer\u0171s\u00edt\u00e9se, k\u00fcldet\u00e9s\u00e9nek \u00e9s \u00e9rt\u00e9keinek megismertet\u00e9se a teny\u00e9szt\u0151i \u00e9s b\u0151vebben a kuty\u00e1s t\u00e1rsadalommal. Saj\u00e1t teny\u00e9szt\u0151i tapasztalatodon, vil\u00e1gn\u00e9zeteden kereszt\u00fcl kell meg\u00e9rteni a Wuuff t\u00f6rekv\u00e9s\u00e9t \u00e9s t\u00e1rsadalmi felel\u0151s\u00e9gv\u00e1llal\u00e1s\u00e1t, \u00e9rt\u00e9keit. Feladataid r\u00e9sze a teny\u00e9szt\u0151knek ny\u00fajtott weboldalszolg\u00e1ltat\u00e1s valamint a kieg\u00e9szt\u0151 szolg\u00e1lat\u00e1sok \u00e9rt\u00e9k\u00e9nek bemutat\u00e1sa, teny\u00e9szt\u0151i visszajelz\u00e9sek, c\u00e9ljaikat seg\u00edt\u0151 ig\u00e9nyek felm\u00e9r\u00e9se. Munk\u00e1d sor\u00e1n napi kapcsolatban lesz a teny\u00e9szt\u0151kkel, a kuty\u00e1s t\u00e1rsdalom m\u00e1s szerepl\u0151ivel (klubbok, fajtament\u0151k, menhelyek, kuty\u00e1t v\u00e1s\u00e1rl\u00f3 szem\u00e9lyek). Kapcsolattart\u00e1s telefonon, emailen \u00e9s szem\u00e9lyesen t\u00f6rt\u00e9nik.<span class=\"Apple-converted-space\">\u00a0<\/span><\/p>\n<p><b>Feladatok<\/b><\/p>\n<ul>\n<li>Wuuff n\u00e9pszer\u0171s\u00edt\u00e9se a teny\u00e9szt\u0151k k\u00f6r\u00e9ben<\/li>\n<li>Teny\u00e9szt\u0151i visszajelz\u00e9sek begy\u00fcjt\u00e9se report form\u00e1j\u00e1ban<\/li>\n<li>Egy\u00fcttm\u0171k\u00f6d\u00e9s a fajtaklubbokkal<\/li>\n<li>Wuuff Pay el\u0151nyeinek megismertet\u00e9se a teny\u00e9szt\u0151kkel<\/li>\n<\/ul>\n<p><b>K\u00f6vetelm\u00e9nyek<\/b><\/p>\n<ul>\n<li>Teny\u00e9szt\u0151i tapasztalat<\/li>\n<li>Sz\u00e9les teny\u00e9szt\u0151i \u00e9s kuty\u00e1s kapcsolath\u00e1l\u00f3<\/li>\n<li>Kiv\u00e1ll\u00f3 kommunik\u00e1ci\u00f3s \u00e9s \u00e9rvel\u00e9si k\u00e9szs\u00e9g<\/li>\n<li>J\u00f3 probl\u00e9makezel\u0151i \u00e9s meghallgat\u00f3i k\u00e9pess\u00e9g<\/li>\n<li>\u00c9rt\u00e9kes\u00edt\u0151 v\u00e9na<\/li>\n<li>Kapcsolat teremt\u0151 k\u00e9pess\u00e9g<\/li>\n<li>Egyenes, \u0151szinte szem\u00e9lyis\u00e9g<\/li>\n<li>Kezdem\u00e9nyez\u0151, \u00f6n\u00e1ll\u00f3 munkav\u00e9gz\u00e9s<\/li>\n<li>Eredm\u00e9nyorient\u00e1lt<\/li>\n<li>K\u00e9pes nyom\u00e1s alatt, gyorsan v\u00e1ltoz\u00f3 k\u00f6rnyezetben dolgozni<\/li>\n<li>K\u00e9pes utas\u00edt\u00e1sokat v\u00e9grehajtani<\/li>\n<\/ul>\n<p>A munka nagyonfok\u00fa szabads\u00e1got ad, otthonr\u00f3l \u00e9s k\u00f6tetlen id\u0151ben v\u00e9gezhet\u0151.<\/p>\n<p><strong>Jelentkez\u00e9st emailben, motiv\u00e1ci\u00f3s lev\u00e9llel a sandor@wuuff.dog email c\u00edmre v\u00e1rjuk.<\/strong><\/p>\n","protected":false},"excerpt":{"rendered":"<p>Jelentkezz m\u00e9g MA erre az egyedi lehet\u0151s\u00e9gre. \u00c9lj meg a hobbidb\u00f3l! &nbsp; A Teny\u00e9szt\u0151i kapcsolattart\u00f3 feladata a Wuuff n\u00e9pszer\u0171s\u00edt\u00e9se, k\u00fcldet\u00e9s\u00e9nek \u00e9s \u00e9rt\u00e9keinek megismertet\u00e9se a teny\u00e9szt\u0151i \u00e9s b\u0151vebben a kuty\u00e1s t\u00e1rsadalommal. Saj\u00e1t teny\u00e9szt\u0151i tapasztalatodon, vil\u00e1gn\u00e9zeteden kereszt\u00fcl kell meg\u00e9rteni a Wuuff t\u00f6rekv\u00e9s\u00e9t \u00e9s t\u00e1rsadalmi felel\u0151s\u00e9gv\u00e1llal\u00e1s\u00e1t, \u00e9rt\u00e9keit. Feladataid r\u00e9sze a teny\u00e9szt\u0151knek ny\u00fajtott weboldalszolg\u00e1ltat\u00e1s valamint a kieg\u00e9szt\u0151 szolg\u00e1lat\u00e1sok \u00e9rt\u00e9k\u00e9nek [&hellip;]<\/p>\n","protected":false},"author":2,"featured_media":0,"parent":0,"menu_order":0,"comment_status":"closed","ping_status":"closed","template":"","meta":{"footnotes":""},"class_list":["post-2945","page","type-page","status-publish","hentry"],"yoast_head":"<!-- This site is optimized with the Yoast SEO plugin v27.5 - https:\/\/yoast.com\/product\/yoast-seo-wordpress\/ -->\n<title>Teny\u00e9szt\u0151i kapcsolattart\u00f3 \u00e1ll\u00e1sh\u00edrdet\u00e9s - Wuuff Blog<\/title>\n<meta name=\"robots\" content=\"index, follow, max-snippet:-1, max-image-preview:large, max-video-preview:-1\" \/>\n<link rel=\"canonical\" href=\"https:\/\/blog.wuuff.dog\/hu\/tenyesztoi-kapcsolattarto-allashirdetes\/\" \/>\n<meta property=\"og:locale\" content=\"hu_HU\" \/>\n<meta property=\"og:type\" content=\"article\" \/>\n<meta property=\"og:title\" content=\"Teny\u00e9szt\u0151i kapcsolattart\u00f3 \u00e1ll\u00e1sh\u00edrdet\u00e9s - Wuuff Blog\" \/>\n<meta property=\"og:description\" content=\"Jelentkezz m\u00e9g MA erre az egyedi lehet\u0151s\u00e9gre. \u00c9lj meg a hobbidb\u00f3l! &nbsp; A Teny\u00e9szt\u0151i kapcsolattart\u00f3 feladata a Wuuff n\u00e9pszer\u0171s\u00edt\u00e9se, k\u00fcldet\u00e9s\u00e9nek \u00e9s \u00e9rt\u00e9keinek megismertet\u00e9se a teny\u00e9szt\u0151i \u00e9s b\u0151vebben a kuty\u00e1s t\u00e1rsadalommal. Saj\u00e1t teny\u00e9szt\u0151i tapasztalatodon, vil\u00e1gn\u00e9zeteden kereszt\u00fcl kell meg\u00e9rteni a Wuuff t\u00f6rekv\u00e9s\u00e9t \u00e9s t\u00e1rsadalmi felel\u0151s\u00e9gv\u00e1llal\u00e1s\u00e1t, \u00e9rt\u00e9keit. Feladataid r\u00e9sze a teny\u00e9szt\u0151knek ny\u00fajtott weboldalszolg\u00e1ltat\u00e1s valamint a kieg\u00e9szt\u0151 szolg\u00e1lat\u00e1sok \u00e9rt\u00e9k\u00e9nek [&hellip;]\" \/>\n<meta property=\"og:url\" content=\"https:\/\/blog.wuuff.dog\/hu\/tenyesztoi-kapcsolattarto-allashirdetes\/\" \/>\n<meta property=\"og:site_name\" content=\"Wuuff Blog\" \/>\n<meta property=\"article:publisher\" content=\"https:\/\/www.facebook.com\/wuuff.dog\/\" \/>\n<meta name=\"twitter:card\" content=\"summary_large_image\" \/>\n<meta name=\"twitter:site\" content=\"@wuuffdog\" \/>\n<meta name=\"twitter:label1\" content=\"Becs\u00fclt olvas\u00e1si id\u0151\" \/>\n\t<meta name=\"twitter:data1\" content=\"2 perc\" \/>\n<script type=\"application\/ld+json\" class=\"yoast-schema-graph\">{\"@context\":\"https:\\\/\\\/schema.org\",\"@graph\":[{\"@type\":\"WebPage\",\"@id\":\"https:\\\/\\\/blog.wuuff.dog\\\/hu\\\/tenyesztoi-kapcsolattarto-allashirdetes\\\/\",\"url\":\"https:\\\/\\\/blog.wuuff.dog\\\/hu\\\/tenyesztoi-kapcsolattarto-allashirdetes\\\/\",\"name\":\"Teny\u00e9szt\u0151i kapcsolattart\u00f3 \u00e1ll\u00e1sh\u00edrdet\u00e9s - Wuuff Blog\",\"isPartOf\":{\"@id\":\"https:\\\/\\\/blog.wuuff.dog\\\/#website\"},\"datePublished\":\"2018-10-08T12:55:42+00:00\",\"breadcrumb\":{\"@id\":\"https:\\\/\\\/blog.wuuff.dog\\\/hu\\\/tenyesztoi-kapcsolattarto-allashirdetes\\\/#breadcrumb\"},\"inLanguage\":\"hu\",\"potentialAction\":[{\"@type\":\"ReadAction\",\"target\":[\"https:\\\/\\\/blog.wuuff.dog\\\/hu\\\/tenyesztoi-kapcsolattarto-allashirdetes\\\/\"]}]},{\"@type\":\"BreadcrumbList\",\"@id\":\"https:\\\/\\\/blog.wuuff.dog\\\/hu\\\/tenyesztoi-kapcsolattarto-allashirdetes\\\/#breadcrumb\",\"itemListElement\":[{\"@type\":\"ListItem\",\"position\":1,\"name\":\"Home\",\"item\":\"https:\\\/\\\/blog.wuuff.dog\\\/hu\\\/\"},{\"@type\":\"ListItem\",\"position\":2,\"name\":\"Teny\u00e9szt\u0151i kapcsolattart\u00f3 \u00e1ll\u00e1sh\u00edrdet\u00e9s\"}]},{\"@type\":\"WebSite\",\"@id\":\"https:\\\/\\\/blog.wuuff.dog\\\/#website\",\"url\":\"https:\\\/\\\/blog.wuuff.dog\\\/\",\"name\":\"Wuuff Blog\",\"description\":\"Kuty\u00e1t j\u00f3 teny\u00e9szt\u0151t\u0151l j\u00f3 gazdihoz!\",\"publisher\":{\"@id\":\"https:\\\/\\\/blog.wuuff.dog\\\/#organization\"},\"potentialAction\":[{\"@type\":\"SearchAction\",\"target\":{\"@type\":\"EntryPoint\",\"urlTemplate\":\"https:\\\/\\\/blog.wuuff.dog\\\/?s={search_term_string}\"},\"query-input\":{\"@type\":\"PropertyValueSpecification\",\"valueRequired\":true,\"valueName\":\"search_term_string\"}}],\"inLanguage\":\"hu\"},{\"@type\":\"Organization\",\"@id\":\"https:\\\/\\\/blog.wuuff.dog\\\/#organization\",\"name\":\"Wuuff LLC\",\"url\":\"https:\\\/\\\/blog.wuuff.dog\\\/\",\"logo\":{\"@type\":\"ImageObject\",\"inLanguage\":\"hu\",\"@id\":\"https:\\\/\\\/blog.wuuff.dog\\\/#\\\/schema\\\/logo\\\/image\\\/\",\"url\":\"https:\\\/\\\/blog.wuuff.dog\\\/wp-content\\\/uploads\\\/2017\\\/07\\\/wuuff-favicon-1.png\",\"contentUrl\":\"https:\\\/\\\/blog.wuuff.dog\\\/wp-content\\\/uploads\\\/2017\\\/07\\\/wuuff-favicon-1.png\",\"width\":96,\"height\":96,\"caption\":\"Wuuff LLC\"},\"image\":{\"@id\":\"https:\\\/\\\/blog.wuuff.dog\\\/#\\\/schema\\\/logo\\\/image\\\/\"},\"sameAs\":[\"https:\\\/\\\/www.facebook.com\\\/wuuff.dog\\\/\",\"https:\\\/\\\/x.com\\\/wuuffdog\",\"https:\\\/\\\/www.instagram.com\\\/wuuff.dog\\\/\",\"https:\\\/\\\/www.linkedin.com\\\/company\\\/wuuff-llc\\\/about\\\/?viewAsMember=true\",\"https:\\\/\\\/hu.pinterest.com\\\/wuuff\\\/\",\"https:\\\/\\\/www.youtube.com\\\/channel\\\/UC5-xBqPvOo9Tyj3KuifxW_Q\"]}]}<\/script>\n<!-- \/ Yoast SEO plugin. -->","yoast_head_json":{"title":"Teny\u00e9szt\u0151i kapcsolattart\u00f3 \u00e1ll\u00e1sh\u00edrdet\u00e9s - Wuuff Blog","robots":{"index":"index","follow":"follow","max-snippet":"max-snippet:-1","max-image-preview":"max-image-preview:large","max-video-preview":"max-video-preview:-1"},"canonical":"https:\/\/blog.wuuff.dog\/hu\/tenyesztoi-kapcsolattarto-allashirdetes\/","og_locale":"hu_HU","og_type":"article","og_title":"Teny\u00e9szt\u0151i kapcsolattart\u00f3 \u00e1ll\u00e1sh\u00edrdet\u00e9s - Wuuff Blog","og_description":"Jelentkezz m\u00e9g MA erre az egyedi lehet\u0151s\u00e9gre. \u00c9lj meg a hobbidb\u00f3l! &nbsp; A Teny\u00e9szt\u0151i kapcsolattart\u00f3 feladata a Wuuff n\u00e9pszer\u0171s\u00edt\u00e9se, k\u00fcldet\u00e9s\u00e9nek \u00e9s \u00e9rt\u00e9keinek megismertet\u00e9se a teny\u00e9szt\u0151i \u00e9s b\u0151vebben a kuty\u00e1s t\u00e1rsadalommal. Saj\u00e1t teny\u00e9szt\u0151i tapasztalatodon, vil\u00e1gn\u00e9zeteden kereszt\u00fcl kell meg\u00e9rteni a Wuuff t\u00f6rekv\u00e9s\u00e9t \u00e9s t\u00e1rsadalmi felel\u0151s\u00e9gv\u00e1llal\u00e1s\u00e1t, \u00e9rt\u00e9keit. Feladataid r\u00e9sze a teny\u00e9szt\u0151knek ny\u00fajtott weboldalszolg\u00e1ltat\u00e1s valamint a kieg\u00e9szt\u0151 szolg\u00e1lat\u00e1sok \u00e9rt\u00e9k\u00e9nek [&hellip;]","og_url":"https:\/\/blog.wuuff.dog\/hu\/tenyesztoi-kapcsolattarto-allashirdetes\/","og_site_name":"Wuuff Blog","article_publisher":"https:\/\/www.facebook.com\/wuuff.dog\/","twitter_card":"summary_large_image","twitter_site":"@wuuffdog","twitter_misc":{"Becs\u00fclt olvas\u00e1si id\u0151":"2 perc"},"schema":{"@context":"https:\/\/schema.org","@graph":[{"@type":"WebPage","@id":"https:\/\/blog.wuuff.dog\/hu\/tenyesztoi-kapcsolattarto-allashirdetes\/","url":"https:\/\/blog.wuuff.dog\/hu\/tenyesztoi-kapcsolattarto-allashirdetes\/","name":"Teny\u00e9szt\u0151i kapcsolattart\u00f3 \u00e1ll\u00e1sh\u00edrdet\u00e9s - Wuuff Blog","isPartOf":{"@id":"https:\/\/blog.wuuff.dog\/#website"},"datePublished":"2018-10-08T12:55:42+00:00","breadcrumb":{"@id":"https:\/\/blog.wuuff.dog\/hu\/tenyesztoi-kapcsolattarto-allashirdetes\/#breadcrumb"},"inLanguage":"hu","potentialAction":[{"@type":"ReadAction","target":["https:\/\/blog.wuuff.dog\/hu\/tenyesztoi-kapcsolattarto-allashirdetes\/"]}]},{"@type":"BreadcrumbList","@id":"https:\/\/blog.wuuff.dog\/hu\/tenyesztoi-kapcsolattarto-allashirdetes\/#breadcrumb","itemListElement":[{"@type":"ListItem","position":1,"name":"Home","item":"https:\/\/blog.wuuff.dog\/hu\/"},{"@type":"ListItem","position":2,"name":"Teny\u00e9szt\u0151i kapcsolattart\u00f3 \u00e1ll\u00e1sh\u00edrdet\u00e9s"}]},{"@type":"WebSite","@id":"https:\/\/blog.wuuff.dog\/#website","url":"https:\/\/blog.wuuff.dog\/","name":"Wuuff Blog","description":"Kuty\u00e1t j\u00f3 teny\u00e9szt\u0151t\u0151l j\u00f3 gazdihoz!","publisher":{"@id":"https:\/\/blog.wuuff.dog\/#organization"},"potentialAction":[{"@type":"SearchAction","target":{"@type":"EntryPoint","urlTemplate":"https:\/\/blog.wuuff.dog\/?s={search_term_string}"},"query-input":{"@type":"PropertyValueSpecification","valueRequired":true,"valueName":"search_term_string"}}],"inLanguage":"hu"},{"@type":"Organization","@id":"https:\/\/blog.wuuff.dog\/#organization","name":"Wuuff LLC","url":"https:\/\/blog.wuuff.dog\/","logo":{"@type":"ImageObject","inLanguage":"hu","@id":"https:\/\/blog.wuuff.dog\/#\/schema\/logo\/image\/","url":"https:\/\/blog.wuuff.dog\/wp-content\/uploads\/2017\/07\/wuuff-favicon-1.png","contentUrl":"https:\/\/blog.wuuff.dog\/wp-content\/uploads\/2017\/07\/wuuff-favicon-1.png","width":96,"height":96,"caption":"Wuuff LLC"},"image":{"@id":"https:\/\/blog.wuuff.dog\/#\/schema\/logo\/image\/"},"sameAs":["https:\/\/www.facebook.com\/wuuff.dog\/","https:\/\/x.com\/wuuffdog","https:\/\/www.instagram.com\/wuuff.dog\/","https:\/\/www.linkedin.com\/company\/wuuff-llc\/about\/?viewAsMember=true","https:\/\/hu.pinterest.com\/wuuff\/","https:\/\/www.youtube.com\/channel\/UC5-xBqPvOo9Tyj3KuifxW_Q"]}]}},"_links":{"self":[{"href":"https:\/\/blog.wuuff.dog\/hu\/wp-json\/wp\/v2\/pages\/2945","targetHints":{"allow":["GET"]}}],"collection":[{"href":"https:\/\/blog.wuuff.dog\/hu\/wp-json\/wp\/v2\/pages"}],"about":[{"href":"https:\/\/blog.wuuff.dog\/hu\/wp-json\/wp\/v2\/types\/page"}],"author":[{"embeddable":true,"href":"https:\/\/blog.wuuff.dog\/hu\/wp-json\/wp\/v2\/users\/2"}],"replies":[{"embeddable":true,"href":"https:\/\/blog.wuuff.dog\/hu\/wp-json\/wp\/v2\/comments?post=2945"}],"version-history":[{"count":1,"href":"https:\/\/blog.wuuff.dog\/hu\/wp-json\/wp\/v2\/pages\/2945\/revisions"}],"predecessor-version":[{"id":2946,"href":"https:\/\/blog.wuuff.dog\/hu\/wp-json\/wp\/v2\/pages\/2945\/revisions\/2946"}],"wp:attachment":[{"href":"https:\/\/blog.wuuff.dog\/hu\/wp-json\/wp\/v2\/media?parent=2945"}],"curies":[{"name":"wp","href":"https:\/\/api.w.org\/{rel}","templated":true}]}}