{"id":2,"date":"2017-06-01T09:33:41","date_gmt":"2017-06-01T09:33:41","guid":{"rendered":"http:\/\/54.149.103.163\/?page_id=2"},"modified":"2023-04-19T15:40:41","modified_gmt":"2023-04-19T15:40:41","slug":"kezdolap","status":"publish","type":"page","link":"https:\/\/blog.wuuff.dog\/hu\/","title":{"rendered":"Kezd\u0151lap"},"content":{"rendered":"<p>A Wuuff.dog-ot azzal a sz\u00e1nd\u00e9kkal hoztuk l\u00e9tre, hogy egy minden eddigin\u00e9l jobban kidolgozott \u00e9s hat\u00e9konyabb m\u00f3dot ny\u00fajtsunk a teny\u00e9szt\u0151knek \u00e9s a kiskuty\u00e1t keres\u0151knek az egym\u00e1sra tal\u00e1l\u00e1sban ez\u00e1ltal el\u0151seg\u00edtve a fajtatiszta kiskuty\u00e1k \u00faj otthonra tal\u00e1l\u00e1s\u00e1t. Ide\u00e1lis helyet biztos\u00edtunk a teny\u00e9szt\u0151knek, hogy bemutathass\u00e1k teny\u00e9szet\u00fcket, kuty\u00e1ikat, jelenlegi \u00e9s j\u00f6v\u0151beni almaikat.<\/p>\n<p>A k\u00f6zvetlen kommunik\u00e1ci\u00f3s csatorn\u00e1k haszn\u00e1lat\u00e1val egyszer\u0171v\u00e9 tessz\u00fck, hogy megismerkedhessenek egym\u00e1ssal a teny\u00e9szt\u0151k \u00e9s a kiskuty\u00e1t keres\u0151k. \u00cdgy a teny\u00e9szt\u0151k megbizonyosodhatnak arr\u00f3l, hogy kiskuty\u00e1jukat val\u00f3ban szeret\u0151 otthon v\u00e1rja, m\u00edg a kiskuty\u00e1t keres\u0151k megnyugodhatnak, hogy val\u00f3ban egy felel\u0151ss\u00e9gteljes teny\u00e9szt\u0151t\u0151l v\u00e1s\u00e1rolnak. Ugyanakkor a fajtatiszta kiskuty\u00e1t keres\u0151ket seg\u00edtj\u00fck a helyes d\u00f6nt\u00e9s meghozatal\u00e1ban, a naprak\u00e9sz inform\u00e1ci\u00f3k begy\u0171jt\u00e9s\u00e9ben \u00e9s a tranzakci\u00f3 teljes lebonyol\u00edt\u00e1s\u00e1ban is sz\u00e1m\u00edthatnak r\u00e1nk.<\/p>\n","protected":false},"excerpt":{"rendered":"<p>A Wuuff.dog-ot azzal a sz\u00e1nd\u00e9kkal hoztuk l\u00e9tre, hogy egy minden eddigin\u00e9l jobban kidolgozott \u00e9s hat\u00e9konyabb m\u00f3dot ny\u00fajtsunk a teny\u00e9szt\u0151knek \u00e9s a kiskuty\u00e1t keres\u0151knek az egym\u00e1sra tal\u00e1l\u00e1sban ez\u00e1ltal el\u0151seg\u00edtve a fajtatiszta kiskuty\u00e1k \u00faj otthonra tal\u00e1l\u00e1s\u00e1t. Ide\u00e1lis helyet biztos\u00edtunk a teny\u00e9szt\u0151knek, hogy bemutathass\u00e1k teny\u00e9szet\u00fcket, kuty\u00e1ikat, jelenlegi \u00e9s j\u00f6v\u0151beni almaikat. A k\u00f6zvetlen kommunik\u00e1ci\u00f3s csatorn\u00e1k haszn\u00e1lat\u00e1val egyszer\u0171v\u00e9 tessz\u00fck, hogy [&hellip;]<\/p>\n","protected":false},"author":1,"featured_media":0,"parent":0,"menu_order":5,"comment_status":"closed","ping_status":"open","template":"template-modules.php","meta":{"footnotes":""},"class_list":["post-2","page","type-page","status-publish","hentry"],"yoast_head":"<!-- This site is optimized with the Yoast SEO plugin v27.4 - https:\/\/yoast.com\/product\/yoast-seo-wordpress\/ -->\n<title>A Wuuff Blog - Hogy \u00e1lmaid kiskuty\u00e1j\u00e1nak kiv\u00e1laszt\u00e1sa ne r\u00e9m\u00e1lom legyen<\/title>\n<meta name=\"description\" content=\"Tal\u00e1ld meg \u00e1lmaid kiskuty\u00e1j\u00e1t a wuuff.dog-on. Az \u00f6sszes inform\u00e1ci\u00f3 egy helyen amire sz\u00fcks\u00e9ged van a felel\u0151s d\u00f6nt\u00e9shez. Val\u00f3s teny\u00e9szt\u0151k, nagyszer\u00fc k\u00f6lyk\u00f6k\" \/>\n<meta name=\"robots\" content=\"index, follow, max-snippet:-1, max-image-preview:large, max-video-preview:-1\" \/>\n<link rel=\"canonical\" href=\"https:\/\/blog.wuuff.dog\/hu\/\" \/>\n<meta property=\"og:locale\" content=\"hu_HU\" \/>\n<meta property=\"og:type\" content=\"article\" \/>\n<meta property=\"og:title\" content=\"A Wuuff Blog - Hogy \u00e1lmaid kiskuty\u00e1j\u00e1nak kiv\u00e1laszt\u00e1sa ne r\u00e9m\u00e1lom legyen\" \/>\n<meta property=\"og:description\" content=\"Tal\u00e1ld meg \u00e1lmaid kiskuty\u00e1j\u00e1t a wuuff.dog-on. Az \u00f6sszes inform\u00e1ci\u00f3 egy helyen amire sz\u00fcks\u00e9ged van a felel\u0151s d\u00f6nt\u00e9shez. Val\u00f3s teny\u00e9szt\u0151k, nagyszer\u00fc k\u00f6lyk\u00f6k\" \/>\n<meta property=\"og:url\" content=\"https:\/\/blog.wuuff.dog\/hu\/\" \/>\n<meta property=\"og:site_name\" content=\"Wuuff Blog\" \/>\n<meta property=\"article:publisher\" content=\"https:\/\/www.facebook.com\/wuuff.dog\/\" \/>\n<meta property=\"article:modified_time\" content=\"2023-04-19T15:40:41+00:00\" \/>\n<meta name=\"twitter:card\" content=\"summary_large_image\" \/>\n<meta name=\"twitter:site\" content=\"@wuuffdog\" \/>\n<meta name=\"twitter:label1\" content=\"Becs\u00fclt olvas\u00e1si id\u0151\" \/>\n\t<meta name=\"twitter:data1\" content=\"1 perc\" \/>\n<script type=\"application\/ld+json\" class=\"yoast-schema-graph\">{\"@context\":\"https:\\\/\\\/schema.org\",\"@graph\":[{\"@type\":\"WebPage\",\"@id\":\"https:\\\/\\\/blog.wuuff.dog\\\/hu\\\/\",\"url\":\"https:\\\/\\\/blog.wuuff.dog\\\/hu\\\/\",\"name\":\"A Wuuff Blog - Hogy \u00e1lmaid kiskuty\u00e1j\u00e1nak kiv\u00e1laszt\u00e1sa ne r\u00e9m\u00e1lom legyen\",\"isPartOf\":{\"@id\":\"https:\\\/\\\/blog.wuuff.dog\\\/#website\"},\"datePublished\":\"2017-06-01T09:33:41+00:00\",\"dateModified\":\"2023-04-19T15:40:41+00:00\",\"description\":\"Tal\u00e1ld meg \u00e1lmaid kiskuty\u00e1j\u00e1t a wuuff.dog-on. Az \u00f6sszes inform\u00e1ci\u00f3 egy helyen amire sz\u00fcks\u00e9ged van a felel\u0151s d\u00f6nt\u00e9shez. Val\u00f3s teny\u00e9szt\u0151k, nagyszer\u00fc k\u00f6lyk\u00f6k\",\"breadcrumb\":{\"@id\":\"https:\\\/\\\/blog.wuuff.dog\\\/hu\\\/#breadcrumb\"},\"inLanguage\":\"hu\",\"potentialAction\":[{\"@type\":\"ReadAction\",\"target\":[\"https:\\\/\\\/blog.wuuff.dog\\\/hu\\\/\"]}]},{\"@type\":\"BreadcrumbList\",\"@id\":\"https:\\\/\\\/blog.wuuff.dog\\\/hu\\\/#breadcrumb\",\"itemListElement\":[{\"@type\":\"ListItem\",\"position\":1,\"name\":\"Home\",\"item\":\"https:\\\/\\\/blog.wuuff.dog\\\/hu\\\/\"},{\"@type\":\"ListItem\",\"position\":2,\"name\":\"Kezd\u0151lap\"}]},{\"@type\":\"WebSite\",\"@id\":\"https:\\\/\\\/blog.wuuff.dog\\\/#website\",\"url\":\"https:\\\/\\\/blog.wuuff.dog\\\/\",\"name\":\"Wuuff Blog\",\"description\":\"Kuty\u00e1t j\u00f3 teny\u00e9szt\u0151t\u0151l j\u00f3 gazdihoz!\",\"publisher\":{\"@id\":\"https:\\\/\\\/blog.wuuff.dog\\\/#organization\"},\"potentialAction\":[{\"@type\":\"SearchAction\",\"target\":{\"@type\":\"EntryPoint\",\"urlTemplate\":\"https:\\\/\\\/blog.wuuff.dog\\\/?s={search_term_string}\"},\"query-input\":{\"@type\":\"PropertyValueSpecification\",\"valueRequired\":true,\"valueName\":\"search_term_string\"}}],\"inLanguage\":\"hu\"},{\"@type\":\"Organization\",\"@id\":\"https:\\\/\\\/blog.wuuff.dog\\\/#organization\",\"name\":\"Wuuff LLC\",\"url\":\"https:\\\/\\\/blog.wuuff.dog\\\/\",\"logo\":{\"@type\":\"ImageObject\",\"inLanguage\":\"hu\",\"@id\":\"https:\\\/\\\/blog.wuuff.dog\\\/#\\\/schema\\\/logo\\\/image\\\/\",\"url\":\"https:\\\/\\\/blog.wuuff.dog\\\/wp-content\\\/uploads\\\/2017\\\/07\\\/wuuff-favicon-1.png\",\"contentUrl\":\"https:\\\/\\\/blog.wuuff.dog\\\/wp-content\\\/uploads\\\/2017\\\/07\\\/wuuff-favicon-1.png\",\"width\":96,\"height\":96,\"caption\":\"Wuuff LLC\"},\"image\":{\"@id\":\"https:\\\/\\\/blog.wuuff.dog\\\/#\\\/schema\\\/logo\\\/image\\\/\"},\"sameAs\":[\"https:\\\/\\\/www.facebook.com\\\/wuuff.dog\\\/\",\"https:\\\/\\\/x.com\\\/wuuffdog\",\"https:\\\/\\\/www.instagram.com\\\/wuuff.dog\\\/\",\"https:\\\/\\\/www.linkedin.com\\\/company\\\/wuuff-llc\\\/about\\\/?viewAsMember=true\",\"https:\\\/\\\/hu.pinterest.com\\\/wuuff\\\/\",\"https:\\\/\\\/www.youtube.com\\\/channel\\\/UC5-xBqPvOo9Tyj3KuifxW_Q\"]}]}<\/script>\n<!-- \/ Yoast SEO plugin. -->","yoast_head_json":{"title":"A Wuuff Blog - Hogy \u00e1lmaid kiskuty\u00e1j\u00e1nak kiv\u00e1laszt\u00e1sa ne r\u00e9m\u00e1lom legyen","description":"Tal\u00e1ld meg \u00e1lmaid kiskuty\u00e1j\u00e1t a wuuff.dog-on. Az \u00f6sszes inform\u00e1ci\u00f3 egy helyen amire sz\u00fcks\u00e9ged van a felel\u0151s d\u00f6nt\u00e9shez. Val\u00f3s teny\u00e9szt\u0151k, nagyszer\u00fc k\u00f6lyk\u00f6k","robots":{"index":"index","follow":"follow","max-snippet":"max-snippet:-1","max-image-preview":"max-image-preview:large","max-video-preview":"max-video-preview:-1"},"canonical":"https:\/\/blog.wuuff.dog\/hu\/","og_locale":"hu_HU","og_type":"article","og_title":"A Wuuff Blog - Hogy \u00e1lmaid kiskuty\u00e1j\u00e1nak kiv\u00e1laszt\u00e1sa ne r\u00e9m\u00e1lom legyen","og_description":"Tal\u00e1ld meg \u00e1lmaid kiskuty\u00e1j\u00e1t a wuuff.dog-on. Az \u00f6sszes inform\u00e1ci\u00f3 egy helyen amire sz\u00fcks\u00e9ged van a felel\u0151s d\u00f6nt\u00e9shez. Val\u00f3s teny\u00e9szt\u0151k, nagyszer\u00fc k\u00f6lyk\u00f6k","og_url":"https:\/\/blog.wuuff.dog\/hu\/","og_site_name":"Wuuff Blog","article_publisher":"https:\/\/www.facebook.com\/wuuff.dog\/","article_modified_time":"2023-04-19T15:40:41+00:00","twitter_card":"summary_large_image","twitter_site":"@wuuffdog","twitter_misc":{"Becs\u00fclt olvas\u00e1si id\u0151":"1 perc"},"schema":{"@context":"https:\/\/schema.org","@graph":[{"@type":"WebPage","@id":"https:\/\/blog.wuuff.dog\/hu\/","url":"https:\/\/blog.wuuff.dog\/hu\/","name":"A Wuuff Blog - Hogy \u00e1lmaid kiskuty\u00e1j\u00e1nak kiv\u00e1laszt\u00e1sa ne r\u00e9m\u00e1lom legyen","isPartOf":{"@id":"https:\/\/blog.wuuff.dog\/#website"},"datePublished":"2017-06-01T09:33:41+00:00","dateModified":"2023-04-19T15:40:41+00:00","description":"Tal\u00e1ld meg \u00e1lmaid kiskuty\u00e1j\u00e1t a wuuff.dog-on. Az \u00f6sszes inform\u00e1ci\u00f3 egy helyen amire sz\u00fcks\u00e9ged van a felel\u0151s d\u00f6nt\u00e9shez. Val\u00f3s teny\u00e9szt\u0151k, nagyszer\u00fc k\u00f6lyk\u00f6k","breadcrumb":{"@id":"https:\/\/blog.wuuff.dog\/hu\/#breadcrumb"},"inLanguage":"hu","potentialAction":[{"@type":"ReadAction","target":["https:\/\/blog.wuuff.dog\/hu\/"]}]},{"@type":"BreadcrumbList","@id":"https:\/\/blog.wuuff.dog\/hu\/#breadcrumb","itemListElement":[{"@type":"ListItem","position":1,"name":"Home","item":"https:\/\/blog.wuuff.dog\/hu\/"},{"@type":"ListItem","position":2,"name":"Kezd\u0151lap"}]},{"@type":"WebSite","@id":"https:\/\/blog.wuuff.dog\/#website","url":"https:\/\/blog.wuuff.dog\/","name":"Wuuff Blog","description":"Kuty\u00e1t j\u00f3 teny\u00e9szt\u0151t\u0151l j\u00f3 gazdihoz!","publisher":{"@id":"https:\/\/blog.wuuff.dog\/#organization"},"potentialAction":[{"@type":"SearchAction","target":{"@type":"EntryPoint","urlTemplate":"https:\/\/blog.wuuff.dog\/?s={search_term_string}"},"query-input":{"@type":"PropertyValueSpecification","valueRequired":true,"valueName":"search_term_string"}}],"inLanguage":"hu"},{"@type":"Organization","@id":"https:\/\/blog.wuuff.dog\/#organization","name":"Wuuff LLC","url":"https:\/\/blog.wuuff.dog\/","logo":{"@type":"ImageObject","inLanguage":"hu","@id":"https:\/\/blog.wuuff.dog\/#\/schema\/logo\/image\/","url":"https:\/\/blog.wuuff.dog\/wp-content\/uploads\/2017\/07\/wuuff-favicon-1.png","contentUrl":"https:\/\/blog.wuuff.dog\/wp-content\/uploads\/2017\/07\/wuuff-favicon-1.png","width":96,"height":96,"caption":"Wuuff LLC"},"image":{"@id":"https:\/\/blog.wuuff.dog\/#\/schema\/logo\/image\/"},"sameAs":["https:\/\/www.facebook.com\/wuuff.dog\/","https:\/\/x.com\/wuuffdog","https:\/\/www.instagram.com\/wuuff.dog\/","https:\/\/www.linkedin.com\/company\/wuuff-llc\/about\/?viewAsMember=true","https:\/\/hu.pinterest.com\/wuuff\/","https:\/\/www.youtube.com\/channel\/UC5-xBqPvOo9Tyj3KuifxW_Q"]}]}},"_links":{"self":[{"href":"https:\/\/blog.wuuff.dog\/hu\/wp-json\/wp\/v2\/pages\/2","targetHints":{"allow":["GET"]}}],"collection":[{"href":"https:\/\/blog.wuuff.dog\/hu\/wp-json\/wp\/v2\/pages"}],"about":[{"href":"https:\/\/blog.wuuff.dog\/hu\/wp-json\/wp\/v2\/types\/page"}],"author":[{"embeddable":true,"href":"https:\/\/blog.wuuff.dog\/hu\/wp-json\/wp\/v2\/users\/1"}],"replies":[{"embeddable":true,"href":"https:\/\/blog.wuuff.dog\/hu\/wp-json\/wp\/v2\/comments?post=2"}],"version-history":[{"count":4,"href":"https:\/\/blog.wuuff.dog\/hu\/wp-json\/wp\/v2\/pages\/2\/revisions"}],"predecessor-version":[{"id":1353,"href":"https:\/\/blog.wuuff.dog\/hu\/wp-json\/wp\/v2\/pages\/2\/revisions\/1353"}],"wp:attachment":[{"href":"https:\/\/blog.wuuff.dog\/hu\/wp-json\/wp\/v2\/media?parent=2"}],"curies":[{"name":"wp","href":"https:\/\/api.w.org\/{rel}","templated":true}]}}