{"id":1018,"date":"2017-12-13T10:14:46","date_gmt":"2017-12-13T10:14:46","guid":{"rendered":"http:\/\/blog.wuuff.dog\/?page_id=1018"},"modified":"2019-05-20T18:15:56","modified_gmt":"2019-05-20T18:15:56","slug":"egeszsegugyi-kisokos2","status":"publish","type":"page","link":"https:\/\/blog.wuuff.dog\/hu\/egeszsegugyi-kisokos2\/","title":{"rendered":"T\u00f6ltsd le saj\u00e1t Eg\u00e9szs\u00e9g\u00fcgyi Kisokosod"},"content":{"rendered":"<p><span style=\"width: 100%;\"><a href=\"http:\/\/blog.wuuff.dog\/hu\/\" target=\"_blank\" rel=\"noopener noreferrer\"><img loading=\"lazy\" decoding=\"async\" alt=\"\" width=\"437\" height=\"160\" title=\"Wuuff logo\" data-id=\"147\" src=\"http:\/\/blog.wuuff.dog\/wp-content\/uploads\/2017\/12\/wuuff-logo-h160.png\" style=\"width: 100%;\"><\/a><\/span><\/p>\n<p style=\"text-align: left;\"><span style=\"font-family: Lato;\"><strong><span style=\"font-weight: 400;\">V\u00e1lassz eg\u00e9szs\u00e9ges kiskuty\u00e1t!<\/span><\/strong><\/span><\/p>\n<p><em>Ezzel az Eg\u00e9szs\u00e9g\u00fcgyi Kisokossal seg\u00edteni szeretn\u00e9nk, hogy az emberek tudatosabban \u00e9s magabiztosabban tudj\u00e1k kiv\u00e1lasztani a leend\u0151 kedvenc\u00fck &#8211; hiszen f\u0151 az eg\u00e9szs\u00e9g!<\/em><\/p>\n<p><em>\u200b<\/em><em>\u00d6sszegy\u0171jt\u00f6tt\u00fck a leggyakoribb \u00f6r\u00f6kl\u0151d\u0151 betegs\u00e9geket, jel\u00f6l\u00e9seiket, \u00edgy nem kell t\u00f6bb\u00e9 amiatt agg\u00f3dnod, hogy nem \u00e9rted a kiskutya adatlapj\u00e1n ezt a r\u00e9szt!<\/em><\/p>\n<p><span style=\"width: 100%;\"><img loading=\"lazy\" decoding=\"async\" alt=\"wuuff alap\u00edt\u00f3\" width=\"1008\" height=\"1005\" title=\"Fagyal S\u00e1ndor\" data-id=\"998\" src=\"http:\/\/blog.wuuff.dog\/wp-content\/uploads\/2017\/12\/DSCF0003-copy-1.jpg\" style=\"width: 100%;\"><\/span><\/p>\n<p><span style=\"font-family: Lato; font-weight: 400; font-size: 14px;\"><strong>Fagyal S\u00e1ndor<\/strong> Wuuff.dog alap\u00edt\u00f3<\/span><\/p>\n<p><span style=\"width: 100%;\"><img loading=\"lazy\" decoding=\"async\" alt=\"health screening cheat sheet\" width=\"327\" height=\"458\" title=\"heroshot\" data-id=\"1099\" src=\"\/\/blog.wuuff.dog\/wp-content\/uploads\/2018\/01\/heroshot.jpg\" style=\"width: 100%;\"><\/span><\/p>\n<p style=\"text-align: left;\"><strong><span style=\"font-family: Lato; font-weight: 400;\">T\u00f6ltsd le saj\u00e1t Eg\u00e9szs\u00e9g\u00fcgyi Kisokosod!<\/span><\/strong><\/p>\n<p style=\"text-align: left;\"><span style=\"font-family: Lato;\"><span style=\"color: rgb(136, 127, 127);\">Eg\u00e9szs\u00e9g\u00fcgyi kisokosod m\u00e1r csak p\u00e1r kattint\u00e1s<\/span>!<\/span><\/p>\n<p>K\u00c9REM AZ EG\u00c9SZS\u00c9G\u00dcGYI KISOKOSOM<span><img loading=\"lazy\" decoding=\"async\" alt=\"\" width=\"371\" height=\"91\" title=\"N\u00e9vtelen-1\" data-id=\"941\" src=\"\/\/blog.wuuff.dog\/wp-content\/uploads\/2017\/12\/N\u00e9vtelen-1.jpg\"><\/span><\/p>\n<p><span style=\"color: rgb(137, 137, 137); font-size: 14px; font-family: Lato; font-weight: 400;\">Minden jog fenntartva. \u00a9 Wuuff kft. 2017<\/span><\/p>\n<p style=\"text-align: right;\"><span style=\"color: rgb(62, 161, 133);\"><span><span style=\"font-size: 14px; font-family: Lato; font-weight: 400;\"><a href=\"https:\/\/wuuff.dog\/hu\/aszf\" target=\"_blank\" rel=\"noopener noreferrer\"><u>\u00c1SZF<\/u><\/a>&nbsp;<\/span><\/span><\/span><span><span style=\"font-size: 14px; font-family: Lato; font-weight: 400;\">&nbsp;|&nbsp;<\/span><\/span><span><span style=\"font-size: 14px; font-family: Lato; font-weight: 400;\"><span style=\"color: rgb(62, 161, 133);\">&nbsp;<\/span><\/span><\/span><span><span style=\"font-size: 14px; font-family: Lato; font-weight: 400;\"><span style=\"color: rgb(62, 161, 133);\">\u200b\u200b\u200b\u200b<\/span><\/span><\/span><span><span style=\"font-size: 14px; font-family: Lato; font-weight: 400;\"><span style=\"color: rgb(62, 161, 133);\">\u200b\u200b<\/span><\/span><\/span><u><span style=\"color: rgb(62, 161, 133);\"><a href=\"https:\/\/wuuff.dog\/hu\/adatkezelesi-tajekoztato\" target=\"_blank\" rel=\"noopener noreferrer\"><span><span style=\"font-size: 14px; font-family: Lato; font-weight: 400;\">Adatv\u00e9delmi T\u00e1j\u00e9koztat\u00f3<\/span><\/span><\/a><\/span><\/u><span><span style=\"font-size: 14px; font-family: Lato; font-weight: 400;\">&nbsp; |<span style=\"color: rgb(62, 161, 133);\">&nbsp;<u>&nbsp;<\/u><\/span><\/span><\/span><span style=\"color: rgb(62, 161, 133);\"><a href=\"https:\/\/wuuff.dog\/hu\/segitseg\/rolunk\" target=\"_blank\" rel=\"noopener noreferrer\"><span><span style=\"font-size: 14px; font-family: Lato; font-weight: 400;\"><u>R\u00f3lunk<\/u><\/span><\/span><\/a><\/span><\/p>\n","protected":false},"excerpt":{"rendered":"<p>V\u00e1lassz eg\u00e9szs\u00e9ges kiskuty\u00e1t! Ezzel az Eg\u00e9szs\u00e9g\u00fcgyi Kisokossal seg\u00edteni szeretn\u00e9nk, hogy az emberek tudatosabban \u00e9s magabiztosabban tudj\u00e1k kiv\u00e1lasztani a leend\u0151 kedvenc\u00fck &#8211; hiszen f\u0151 az eg\u00e9szs\u00e9g! \u200b\u00d6sszegy\u0171jt\u00f6tt\u00fck a leggyakoribb \u00f6r\u00f6kl\u0151d\u0151 betegs\u00e9geket, jel\u00f6l\u00e9seiket, \u00edgy nem kell t\u00f6bb\u00e9 amiatt agg\u00f3dnod, hogy nem \u00e9rted a kiskutya adatlapj\u00e1n ezt a r\u00e9szt! Fagyal S\u00e1ndor Wuuff.dog alap\u00edt\u00f3 T\u00f6ltsd le saj\u00e1t Eg\u00e9szs\u00e9g\u00fcgyi Kisokosod! [&hellip;]<\/p>\n","protected":false},"author":2,"featured_media":0,"parent":0,"menu_order":0,"comment_status":"closed","ping_status":"closed","template":"","meta":{"footnotes":""},"class_list":["post-1018","page","type-page","status-publish","hentry"],"yoast_head":"<!-- This site is optimized with the Yoast SEO plugin v27.3 - https:\/\/yoast.com\/product\/yoast-seo-wordpress\/ -->\n<title>T\u00f6ltsd le saj\u00e1t Eg\u00e9szs\u00e9g\u00fcgyi Kisokosod - Wuuff Blog<\/title>\n<meta name=\"description\" content=\"Eg\u00e9szs\u00e9g\u00fcgyi kisokos. Nem tudod mi az az ED, HD, PRA \u00e9s egy\u00e9b jel\u00f6l\u00e9sek amelyeket a teny\u00e9szt\u0151k kuty\u00e1jukn\u00e1l felt\u00fcntetnek? Ismerd meg a leggyakoribb eg\u00e9szs\u00e9g\u00fcgyi sz\u0171r\u00e9seket!\" \/>\n<meta name=\"robots\" content=\"index, follow, max-snippet:-1, max-image-preview:large, max-video-preview:-1\" \/>\n<link rel=\"canonical\" href=\"https:\/\/blog.wuuff.dog\/hu\/egeszsegugyi-kisokos2\/\" \/>\n<meta property=\"og:locale\" content=\"hu_HU\" \/>\n<meta property=\"og:type\" content=\"article\" \/>\n<meta property=\"og:title\" content=\"T\u00f6ltsd le saj\u00e1t Eg\u00e9szs\u00e9g\u00fcgyi Kisokosod - Wuuff Blog\" \/>\n<meta property=\"og:description\" content=\"Eg\u00e9szs\u00e9g\u00fcgyi kisokos. Nem tudod mi az az ED, HD, PRA \u00e9s egy\u00e9b jel\u00f6l\u00e9sek amelyeket a teny\u00e9szt\u0151k kuty\u00e1jukn\u00e1l felt\u00fcntetnek? Ismerd meg a leggyakoribb eg\u00e9szs\u00e9g\u00fcgyi sz\u0171r\u00e9seket!\" \/>\n<meta property=\"og:url\" content=\"https:\/\/blog.wuuff.dog\/hu\/egeszsegugyi-kisokos2\/\" \/>\n<meta property=\"og:site_name\" content=\"Wuuff Blog\" \/>\n<meta property=\"article:publisher\" content=\"https:\/\/www.facebook.com\/wuuff.dog\/\" \/>\n<meta property=\"article:modified_time\" content=\"2019-05-20T18:15:56+00:00\" \/>\n<meta property=\"og:image\" content=\"http:\/\/blog.wuuff.dog\/wp-content\/uploads\/2017\/12\/wuuff-logo-h160.png\" \/>\n<meta name=\"twitter:card\" content=\"summary_large_image\" \/>\n<meta name=\"twitter:site\" content=\"@wuuffdog\" \/>\n<meta name=\"twitter:label1\" content=\"Becs\u00fclt olvas\u00e1si id\u0151\" \/>\n\t<meta name=\"twitter:data1\" content=\"1 perc\" \/>\n<script type=\"application\/ld+json\" class=\"yoast-schema-graph\">{\"@context\":\"https:\\\/\\\/schema.org\",\"@graph\":[{\"@type\":\"WebPage\",\"@id\":\"https:\\\/\\\/blog.wuuff.dog\\\/hu\\\/egeszsegugyi-kisokos2\\\/\",\"url\":\"https:\\\/\\\/blog.wuuff.dog\\\/hu\\\/egeszsegugyi-kisokos2\\\/\",\"name\":\"T\u00f6ltsd le saj\u00e1t Eg\u00e9szs\u00e9g\u00fcgyi Kisokosod - Wuuff Blog\",\"isPartOf\":{\"@id\":\"https:\\\/\\\/blog.wuuff.dog\\\/#website\"},\"primaryImageOfPage\":{\"@id\":\"https:\\\/\\\/blog.wuuff.dog\\\/hu\\\/egeszsegugyi-kisokos2\\\/#primaryimage\"},\"image\":{\"@id\":\"https:\\\/\\\/blog.wuuff.dog\\\/hu\\\/egeszsegugyi-kisokos2\\\/#primaryimage\"},\"thumbnailUrl\":\"http:\\\/\\\/blog.wuuff.dog\\\/wp-content\\\/uploads\\\/2017\\\/12\\\/wuuff-logo-h160.png\",\"datePublished\":\"2017-12-13T10:14:46+00:00\",\"dateModified\":\"2019-05-20T18:15:56+00:00\",\"description\":\"Eg\u00e9szs\u00e9g\u00fcgyi kisokos. Nem tudod mi az az ED, HD, PRA \u00e9s egy\u00e9b jel\u00f6l\u00e9sek amelyeket a teny\u00e9szt\u0151k kuty\u00e1jukn\u00e1l felt\u00fcntetnek? Ismerd meg a leggyakoribb eg\u00e9szs\u00e9g\u00fcgyi sz\u0171r\u00e9seket!\",\"breadcrumb\":{\"@id\":\"https:\\\/\\\/blog.wuuff.dog\\\/hu\\\/egeszsegugyi-kisokos2\\\/#breadcrumb\"},\"inLanguage\":\"hu\",\"potentialAction\":[{\"@type\":\"ReadAction\",\"target\":[\"https:\\\/\\\/blog.wuuff.dog\\\/hu\\\/egeszsegugyi-kisokos2\\\/\"]}]},{\"@type\":\"ImageObject\",\"inLanguage\":\"hu\",\"@id\":\"https:\\\/\\\/blog.wuuff.dog\\\/hu\\\/egeszsegugyi-kisokos2\\\/#primaryimage\",\"url\":\"http:\\\/\\\/blog.wuuff.dog\\\/wp-content\\\/uploads\\\/2017\\\/12\\\/wuuff-logo-h160.png\",\"contentUrl\":\"http:\\\/\\\/blog.wuuff.dog\\\/wp-content\\\/uploads\\\/2017\\\/12\\\/wuuff-logo-h160.png\"},{\"@type\":\"BreadcrumbList\",\"@id\":\"https:\\\/\\\/blog.wuuff.dog\\\/hu\\\/egeszsegugyi-kisokos2\\\/#breadcrumb\",\"itemListElement\":[{\"@type\":\"ListItem\",\"position\":1,\"name\":\"Home\",\"item\":\"https:\\\/\\\/blog.wuuff.dog\\\/hu\\\/\"},{\"@type\":\"ListItem\",\"position\":2,\"name\":\"T\u00f6ltsd le saj\u00e1t Eg\u00e9szs\u00e9g\u00fcgyi Kisokosod\"}]},{\"@type\":\"WebSite\",\"@id\":\"https:\\\/\\\/blog.wuuff.dog\\\/#website\",\"url\":\"https:\\\/\\\/blog.wuuff.dog\\\/\",\"name\":\"Wuuff Blog\",\"description\":\"Kuty\u00e1t j\u00f3 teny\u00e9szt\u0151t\u0151l j\u00f3 gazdihoz!\",\"publisher\":{\"@id\":\"https:\\\/\\\/blog.wuuff.dog\\\/#organization\"},\"potentialAction\":[{\"@type\":\"SearchAction\",\"target\":{\"@type\":\"EntryPoint\",\"urlTemplate\":\"https:\\\/\\\/blog.wuuff.dog\\\/?s={search_term_string}\"},\"query-input\":{\"@type\":\"PropertyValueSpecification\",\"valueRequired\":true,\"valueName\":\"search_term_string\"}}],\"inLanguage\":\"hu\"},{\"@type\":\"Organization\",\"@id\":\"https:\\\/\\\/blog.wuuff.dog\\\/#organization\",\"name\":\"Wuuff LLC\",\"url\":\"https:\\\/\\\/blog.wuuff.dog\\\/\",\"logo\":{\"@type\":\"ImageObject\",\"inLanguage\":\"hu\",\"@id\":\"https:\\\/\\\/blog.wuuff.dog\\\/#\\\/schema\\\/logo\\\/image\\\/\",\"url\":\"https:\\\/\\\/blog.wuuff.dog\\\/wp-content\\\/uploads\\\/2017\\\/07\\\/wuuff-favicon-1.png\",\"contentUrl\":\"https:\\\/\\\/blog.wuuff.dog\\\/wp-content\\\/uploads\\\/2017\\\/07\\\/wuuff-favicon-1.png\",\"width\":96,\"height\":96,\"caption\":\"Wuuff LLC\"},\"image\":{\"@id\":\"https:\\\/\\\/blog.wuuff.dog\\\/#\\\/schema\\\/logo\\\/image\\\/\"},\"sameAs\":[\"https:\\\/\\\/www.facebook.com\\\/wuuff.dog\\\/\",\"https:\\\/\\\/x.com\\\/wuuffdog\",\"https:\\\/\\\/www.instagram.com\\\/wuuff.dog\\\/\",\"https:\\\/\\\/www.linkedin.com\\\/company\\\/wuuff-llc\\\/about\\\/?viewAsMember=true\",\"https:\\\/\\\/hu.pinterest.com\\\/wuuff\\\/\",\"https:\\\/\\\/www.youtube.com\\\/channel\\\/UC5-xBqPvOo9Tyj3KuifxW_Q\"]}]}<\/script>\n<!-- \/ Yoast SEO plugin. -->","yoast_head_json":{"title":"T\u00f6ltsd le saj\u00e1t Eg\u00e9szs\u00e9g\u00fcgyi Kisokosod - Wuuff Blog","description":"Eg\u00e9szs\u00e9g\u00fcgyi kisokos. Nem tudod mi az az ED, HD, PRA \u00e9s egy\u00e9b jel\u00f6l\u00e9sek amelyeket a teny\u00e9szt\u0151k kuty\u00e1jukn\u00e1l felt\u00fcntetnek? Ismerd meg a leggyakoribb eg\u00e9szs\u00e9g\u00fcgyi sz\u0171r\u00e9seket!","robots":{"index":"index","follow":"follow","max-snippet":"max-snippet:-1","max-image-preview":"max-image-preview:large","max-video-preview":"max-video-preview:-1"},"canonical":"https:\/\/blog.wuuff.dog\/hu\/egeszsegugyi-kisokos2\/","og_locale":"hu_HU","og_type":"article","og_title":"T\u00f6ltsd le saj\u00e1t Eg\u00e9szs\u00e9g\u00fcgyi Kisokosod - Wuuff Blog","og_description":"Eg\u00e9szs\u00e9g\u00fcgyi kisokos. Nem tudod mi az az ED, HD, PRA \u00e9s egy\u00e9b jel\u00f6l\u00e9sek amelyeket a teny\u00e9szt\u0151k kuty\u00e1jukn\u00e1l felt\u00fcntetnek? Ismerd meg a leggyakoribb eg\u00e9szs\u00e9g\u00fcgyi sz\u0171r\u00e9seket!","og_url":"https:\/\/blog.wuuff.dog\/hu\/egeszsegugyi-kisokos2\/","og_site_name":"Wuuff Blog","article_publisher":"https:\/\/www.facebook.com\/wuuff.dog\/","article_modified_time":"2019-05-20T18:15:56+00:00","og_image":[{"url":"http:\/\/blog.wuuff.dog\/wp-content\/uploads\/2017\/12\/wuuff-logo-h160.png","type":"","width":"","height":""}],"twitter_card":"summary_large_image","twitter_site":"@wuuffdog","twitter_misc":{"Becs\u00fclt olvas\u00e1si id\u0151":"1 perc"},"schema":{"@context":"https:\/\/schema.org","@graph":[{"@type":"WebPage","@id":"https:\/\/blog.wuuff.dog\/hu\/egeszsegugyi-kisokos2\/","url":"https:\/\/blog.wuuff.dog\/hu\/egeszsegugyi-kisokos2\/","name":"T\u00f6ltsd le saj\u00e1t Eg\u00e9szs\u00e9g\u00fcgyi Kisokosod - Wuuff Blog","isPartOf":{"@id":"https:\/\/blog.wuuff.dog\/#website"},"primaryImageOfPage":{"@id":"https:\/\/blog.wuuff.dog\/hu\/egeszsegugyi-kisokos2\/#primaryimage"},"image":{"@id":"https:\/\/blog.wuuff.dog\/hu\/egeszsegugyi-kisokos2\/#primaryimage"},"thumbnailUrl":"http:\/\/blog.wuuff.dog\/wp-content\/uploads\/2017\/12\/wuuff-logo-h160.png","datePublished":"2017-12-13T10:14:46+00:00","dateModified":"2019-05-20T18:15:56+00:00","description":"Eg\u00e9szs\u00e9g\u00fcgyi kisokos. Nem tudod mi az az ED, HD, PRA \u00e9s egy\u00e9b jel\u00f6l\u00e9sek amelyeket a teny\u00e9szt\u0151k kuty\u00e1jukn\u00e1l felt\u00fcntetnek? Ismerd meg a leggyakoribb eg\u00e9szs\u00e9g\u00fcgyi sz\u0171r\u00e9seket!","breadcrumb":{"@id":"https:\/\/blog.wuuff.dog\/hu\/egeszsegugyi-kisokos2\/#breadcrumb"},"inLanguage":"hu","potentialAction":[{"@type":"ReadAction","target":["https:\/\/blog.wuuff.dog\/hu\/egeszsegugyi-kisokos2\/"]}]},{"@type":"ImageObject","inLanguage":"hu","@id":"https:\/\/blog.wuuff.dog\/hu\/egeszsegugyi-kisokos2\/#primaryimage","url":"http:\/\/blog.wuuff.dog\/wp-content\/uploads\/2017\/12\/wuuff-logo-h160.png","contentUrl":"http:\/\/blog.wuuff.dog\/wp-content\/uploads\/2017\/12\/wuuff-logo-h160.png"},{"@type":"BreadcrumbList","@id":"https:\/\/blog.wuuff.dog\/hu\/egeszsegugyi-kisokos2\/#breadcrumb","itemListElement":[{"@type":"ListItem","position":1,"name":"Home","item":"https:\/\/blog.wuuff.dog\/hu\/"},{"@type":"ListItem","position":2,"name":"T\u00f6ltsd le saj\u00e1t Eg\u00e9szs\u00e9g\u00fcgyi Kisokosod"}]},{"@type":"WebSite","@id":"https:\/\/blog.wuuff.dog\/#website","url":"https:\/\/blog.wuuff.dog\/","name":"Wuuff Blog","description":"Kuty\u00e1t j\u00f3 teny\u00e9szt\u0151t\u0151l j\u00f3 gazdihoz!","publisher":{"@id":"https:\/\/blog.wuuff.dog\/#organization"},"potentialAction":[{"@type":"SearchAction","target":{"@type":"EntryPoint","urlTemplate":"https:\/\/blog.wuuff.dog\/?s={search_term_string}"},"query-input":{"@type":"PropertyValueSpecification","valueRequired":true,"valueName":"search_term_string"}}],"inLanguage":"hu"},{"@type":"Organization","@id":"https:\/\/blog.wuuff.dog\/#organization","name":"Wuuff LLC","url":"https:\/\/blog.wuuff.dog\/","logo":{"@type":"ImageObject","inLanguage":"hu","@id":"https:\/\/blog.wuuff.dog\/#\/schema\/logo\/image\/","url":"https:\/\/blog.wuuff.dog\/wp-content\/uploads\/2017\/07\/wuuff-favicon-1.png","contentUrl":"https:\/\/blog.wuuff.dog\/wp-content\/uploads\/2017\/07\/wuuff-favicon-1.png","width":96,"height":96,"caption":"Wuuff LLC"},"image":{"@id":"https:\/\/blog.wuuff.dog\/#\/schema\/logo\/image\/"},"sameAs":["https:\/\/www.facebook.com\/wuuff.dog\/","https:\/\/x.com\/wuuffdog","https:\/\/www.instagram.com\/wuuff.dog\/","https:\/\/www.linkedin.com\/company\/wuuff-llc\/about\/?viewAsMember=true","https:\/\/hu.pinterest.com\/wuuff\/","https:\/\/www.youtube.com\/channel\/UC5-xBqPvOo9Tyj3KuifxW_Q"]}]}},"_links":{"self":[{"href":"https:\/\/blog.wuuff.dog\/hu\/wp-json\/wp\/v2\/pages\/1018","targetHints":{"allow":["GET"]}}],"collection":[{"href":"https:\/\/blog.wuuff.dog\/hu\/wp-json\/wp\/v2\/pages"}],"about":[{"href":"https:\/\/blog.wuuff.dog\/hu\/wp-json\/wp\/v2\/types\/page"}],"author":[{"embeddable":true,"href":"https:\/\/blog.wuuff.dog\/hu\/wp-json\/wp\/v2\/users\/2"}],"replies":[{"embeddable":true,"href":"https:\/\/blog.wuuff.dog\/hu\/wp-json\/wp\/v2\/comments?post=1018"}],"version-history":[{"count":36,"href":"https:\/\/blog.wuuff.dog\/hu\/wp-json\/wp\/v2\/pages\/1018\/revisions"}],"predecessor-version":[{"id":4032,"href":"https:\/\/blog.wuuff.dog\/hu\/wp-json\/wp\/v2\/pages\/1018\/revisions\/4032"}],"wp:attachment":[{"href":"https:\/\/blog.wuuff.dog\/hu\/wp-json\/wp\/v2\/media?parent=1018"}],"curies":[{"name":"wp","href":"https:\/\/api.w.org\/{rel}","templated":true}]}}